{"id":1424,"date":"2023-05-25T10:25:41","date_gmt":"2023-05-25T10:25:41","guid":{"rendered":"https:\/\/concilians.com\/filosofia\/"},"modified":"2024-11-07T11:38:21","modified_gmt":"2024-11-07T11:38:21","slug":"filosofia","status":"publish","type":"page","link":"https:\/\/concilians.com\/it\/filosofia\/","title":{"rendered":"Filosofia"},"content":{"rendered":"\n<div class=\"wp-block-cover alignfull is-style-default\" style=\"padding-top:120px;padding-bottom:90px;min-height:100vh;aspect-ratio:unset;\"><span aria-hidden=\"true\" class=\"wp-block-cover__background has-background-dim-40 has-background-dim\" style=\"background-color:#1b2219\"><\/span><img loading=\"lazy\" decoding=\"async\" width=\"2000\" height=\"1249\" class=\"wp-block-cover__image-background wp-image-609\" alt=\"\" src=\"http:\/\/concilians.com\/wp-content\/uploads\/2023\/06\/IMG_4466-1.jpg\" data-object-fit=\"cover\" srcset=\"https:\/\/concilians.com\/wp-content\/uploads\/2023\/06\/IMG_4466-1.jpg 2000w, https:\/\/concilians.com\/wp-content\/uploads\/2023\/06\/IMG_4466-1-300x187.jpg 300w, https:\/\/concilians.com\/wp-content\/uploads\/2023\/06\/IMG_4466-1-1024x639.jpg 1024w, https:\/\/concilians.com\/wp-content\/uploads\/2023\/06\/IMG_4466-1-768x480.jpg 768w, https:\/\/concilians.com\/wp-content\/uploads\/2023\/06\/IMG_4466-1-1536x959.jpg 1536w\" sizes=\"auto, (max-width: 2000px) 100vw, 2000px\" \/><div class=\"wp-block-cover__inner-container is-layout-flow wp-block-cover-is-layout-flow\"><div class=\"alignwide-wrap\" data-block=\"columns\">\n<div class=\"wp-block-columns alignwide\">\n<div class=\"wp-block-column is-vertically-aligned-center is-style-default\" style=\"padding-top:0;padding-right:0;padding-bottom:0;padding-left:0;flex-basis:100%\">\n<h1 class=\"wp-block-heading max-w-800 init-sentence has-primary-color has-text-color has-heading-2-font-size\" style=\"padding-bottom:var(--wp--preset--spacing--40)\">La filosofia<br>di lavorare<br>insieme<\/h1>\n\n\n\n<div class=\"wp-block-buttons is-layout-flex wp-block-buttons-is-layout-flex\">\n<div class=\"wp-block-button has-custom-width wp-block-button__width-25 has-custom-font-size is-style-fill\" style=\"font-size:16px\"><a class=\"wp-block-button__link has-tertiary-color has-primary-background-color has-text-color has-background wp-element-button\" href=\"https:\/\/concilians.com\/it\/contatto\/\" style=\"border-radius:500px;padding-top:var(--wp--preset--spacing--40);padding-right:var(--wp--preset--spacing--40);padding-bottom:var(--wp--preset--spacing--40);padding-left:var(--wp--preset--spacing--40)\">Collaboriamo insieme?<\/a><\/div>\n<\/div>\n<\/div>\n<\/div>\n<\/div><\/div><\/div>\n\n\n\n<div class=\"wp-block-group alignfull has-primary-background-color has-background\" id=\"welcome\" style=\"padding-top:90px;padding-bottom:90px\"><div class=\"wp-block-group__inner-container is-layout-flow wp-block-group-is-layout-flow\">\n<h2 class=\"wp-block-heading has-text-align-center is-style-default has-xxxl-font-size\" style=\"padding-bottom:var(--wp--preset--spacing--30)\">&#8220;Formiche:<br>un esempio in natura&#8221;<\/h2>\n\n\n\n<p class=\"has-text-align-center font-weight-300 letter-spacing\">Intelligenza collettiva<br>lavoro comune<br>Ordine dal caos<br>Buon funzionamento del gruppo<br>Adattarsi ai cambiamenti<br>Vivere in armonia<\/p>\n<\/div><\/div>\n\n\n\n<div class=\"wp-block-group alignfull is_relative has-tertiary-color has-gray-100-background-color has-text-color has-background\" style=\"padding-top:90px;padding-bottom:90px\"><div class=\"wp-block-group__inner-container is-layout-flow wp-block-group-is-layout-flow\">\n<h2 class=\"wp-block-heading number-ph\">1<\/h2>\n\n\n<div class=\"alignwide-wrap\" data-block=\"separator\">\n<hr class=\"wp-block-separator alignwide has-text-color has-tertiary-color has-alpha-channel-opacity has-tertiary-background-color has-background is-style-wide\"\/>\n<\/div>\n\n<div class=\"alignwide-wrap\" data-block=\"columns\">\n<div class=\"wp-block-columns alignwide are-vertically-aligned-top\" style=\"padding-top:var(--wp--preset--spacing--60);padding-right:var(--wp--preset--spacing--40);padding-bottom:0;padding-left:var(--wp--preset--spacing--40)\">\n<div class=\"wp-block-column is-vertically-aligned-top\">\n<h2 class=\"wp-block-heading has-heading-4-font-size\">Intelligenza<br>collettiva e<br>lavoro comune<\/h2>\n<\/div>\n\n\n\n<div class=\"wp-block-column is-vertically-aligned-top\">\n<p class=\"font-weight-300 letter-spacing\">I suoi sistemi organizzativi e di governance sono basati sull&#8217;intelligenza collettiva. Questo tipo di sistema significa che un gruppo pu\u00f2 imparare, capire, ragionare e prendere decisioni in modo diverso rispetto a quando i suoi membri lo facessero separatamente.<br>Questo principio \u00e8 ci\u00f2 che deve guidare le organizzazioni. &#8220;Si genera sempre pi\u00f9 valore collegando che aggiungendo le parti.&#8221;<\/p>\n<\/div>\n<\/div>\n<\/div>\n\n\n<h2 class=\"wp-block-heading number-ph\">2<\/h2>\n\n\n<div class=\"alignwide-wrap\" data-block=\"separator\">\n<hr class=\"wp-block-separator alignwide has-text-color has-tertiary-color has-alpha-channel-opacity has-tertiary-background-color has-background is-style-wide\"\/>\n<\/div>\n\n<div class=\"alignwide-wrap\" data-block=\"columns\">\n<div class=\"wp-block-columns alignwide are-vertically-aligned-top\" style=\"padding-top:var(--wp--preset--spacing--60);padding-right:var(--wp--preset--spacing--40);padding-bottom:0;padding-left:var(--wp--preset--spacing--40)\">\n<div class=\"wp-block-column is-vertically-aligned-top\">\n<h2 class=\"wp-block-heading has-heading-4-font-size\">Ordine<br>dal caos<\/h2>\n<\/div>\n\n\n\n<div class=\"wp-block-column is-vertically-aligned-top\">\n<p class=\"font-weight-300 letter-spacing\">Saper dare priorit\u00e0 a quali sono le azioni vitali e quelle pi\u00f9 secondarie, li rende efficienti al 100% nel loro lavoro. In Concilians investiamo le nostre energie nelle questioni prioritarie e stabiliamo l&#8217;ordine delle priorit\u00e0 per risolvere le controversie.<\/p>\n<\/div>\n<\/div>\n<\/div>\n\n\n<h2 class=\"wp-block-heading number-ph\">3<\/h2>\n\n\n<div class=\"alignwide-wrap\" data-block=\"separator\">\n<hr class=\"wp-block-separator alignwide has-text-color has-tertiary-color has-alpha-channel-opacity has-tertiary-background-color has-background is-style-wide\"\/>\n<\/div>\n\n<div class=\"alignwide-wrap\" data-block=\"columns\">\n<div class=\"wp-block-columns alignwide are-vertically-aligned-top\" style=\"padding-top:var(--wp--preset--spacing--60);padding-right:var(--wp--preset--spacing--40);padding-bottom:0;padding-left:var(--wp--preset--spacing--40)\">\n<div class=\"wp-block-column is-vertically-aligned-top\">\n<h2 class=\"wp-block-heading has-heading-4-font-size\">Il buon<br>funzionamento<br>di gruppo<\/h2>\n<\/div>\n\n\n\n<div class=\"wp-block-column is-vertically-aligned-top\">\n<p class=\"font-weight-300 letter-spacing\">Il suo obiettivo vitale \u00e8 migliorare il funzionamento del gruppo. Sono consapevoli di essere i soli pi\u00f9 vulnerabili e appartenenti a gruppi pi\u00f9 forti. Ci\u00f2 significa che non lasciano MAI indietro nessuno.<br>In Concilians crediamo nel beneficio collettivo e nel nostro lavoro lavoriamo per garantire che questo si realizzi all&#8217;interno delle organizzazioni.<\/p>\n<\/div>\n<\/div>\n<\/div>\n\n\n<h2 class=\"wp-block-heading number-ph\">4<\/h2>\n\n\n<div class=\"alignwide-wrap\" data-block=\"separator\">\n<hr class=\"wp-block-separator alignwide has-text-color has-tertiary-color has-alpha-channel-opacity has-tertiary-background-color has-background is-style-wide\"\/>\n<\/div>\n\n<div class=\"alignwide-wrap\" data-block=\"columns\">\n<div class=\"wp-block-columns alignwide are-vertically-aligned-top\" style=\"padding-top:var(--wp--preset--spacing--60);padding-right:var(--wp--preset--spacing--40);padding-bottom:0;padding-left:var(--wp--preset--spacing--40)\">\n<div class=\"wp-block-column is-vertically-aligned-top\">\n<h2 class=\"wp-block-heading has-heading-4-font-size\">Adattarsi al<br>cambiamento<\/h2>\n<\/div>\n\n\n\n<div class=\"wp-block-column is-vertically-aligned-top\">\n<p class=\"font-weight-300 letter-spacing\">Rispondono immediatamente a nuove situazioni e si adattano a diversi livelli di minaccia. Capiscono ogni nuovo problema, si adattano a diverse sfide simultanee, sanno quanta energia usare in ciascuno e creano alternative e soluzioni diverse.<br>Le controversie spesso sorgono a seguito di un cambiamento, la mediazione implica essere in grado di trasformare questa controversia in un&#8217;opportunit\u00e0 per raggiungere un accordo e migliorare la situazione di entrambe le parti.<\/p>\n<\/div>\n<\/div>\n<\/div>\n\n\n<h2 class=\"wp-block-heading number-ph\">5<\/h2>\n\n\n<div class=\"alignwide-wrap\" data-block=\"separator\">\n<hr class=\"wp-block-separator alignwide has-text-color has-tertiary-color has-alpha-channel-opacity has-tertiary-background-color has-background is-style-wide\"\/>\n<\/div>\n\n<div class=\"alignwide-wrap\" data-block=\"columns\">\n<div class=\"wp-block-columns alignwide are-vertically-aligned-top\" style=\"padding-top:var(--wp--preset--spacing--60);padding-right:var(--wp--preset--spacing--40);padding-bottom:var(--wp--preset--spacing--30);padding-left:var(--wp--preset--spacing--40)\">\n<div class=\"wp-block-column is-vertically-aligned-top\">\n<h2 class=\"wp-block-heading has-heading-4-font-size\">Vivvere<br>in Armonia<\/h2>\n<\/div>\n\n\n\n<div class=\"wp-block-column is-vertically-aligned-top\">\n<p class=\"font-weight-300 letter-spacing\">Questi valori significano dare priorit\u00e0 al benessere collettivo rispetto al benessere individuale. Metti da parte l&#8217;ego e agisci per il bene di una comunit\u00e0.<br>Questi principi sono alla base del nostro lavoro. Le organizzazioni che lavorano e raggiungono il successo sono quelle che sono guidate dall&#8217;umilt\u00e0 e a beneficio di tutte le persone.<\/p>\n<\/div>\n<\/div>\n<\/div>\n\n<div class=\"alignwide-wrap\" data-block=\"separator\">\n<hr class=\"wp-block-separator alignwide has-text-color has-tertiary-color has-alpha-channel-opacity has-tertiary-background-color has-background is-style-wide\"\/>\n<\/div>\n\n\n<p class=\"has-text-align-center font-weight-300 letter-spacing\" style=\"padding-top:var(--wp--preset--spacing--50);padding-bottom:var(--wp--preset--spacing--20)\">Questi cinque punti sono la nostra spina dorsale. Lavoriamo per il corretto funzionamento di gruppi di persone, miglioriamo le relazioni tra loro e affrontiamo le controversie che possono sorgere.<\/p>\n\n\n\n<div class=\"wp-block-buttons is-content-justification-center is-layout-flex wp-container-core-buttons-is-layout-16018d1d wp-block-buttons-is-layout-flex\">\n<div class=\"wp-block-button has-custom-width wp-block-button__width-75 has-custom-font-size is-style-fill\" style=\"font-size:16px\"><a class=\"wp-block-button__link has-gray-100-color has-tertiary-background-color has-text-color has-background wp-element-button\" href=\"https:\/\/concilians.com\/it\/contatto\/\" style=\"border-radius:500px;padding-top:var(--wp--preset--spacing--40);padding-right:var(--wp--preset--spacing--40);padding-bottom:var(--wp--preset--spacing--40);padding-left:var(--wp--preset--spacing--40)\">Collaboriamo insieme?<\/a><\/div>\n<\/div>\n<\/div><\/div>\n\n\n\n<div class=\"wp-block-group alignfull has-secondary-background-color has-background\" style=\"padding-top:90px;padding-bottom:90px\"><div class=\"wp-block-group__inner-container is-layout-constrained wp-block-group-is-layout-constrained\"><div class=\"alignwide-wrap\" data-block=\"columns\">\n<div class=\"wp-block-columns alignwide\">\n<div class=\"wp-block-column\">\n<h2 class=\"wp-block-heading\">Vuoi fare<br>anche tu CO?<br>Cooperiamo insieme!<\/h2>\n<\/div>\n\n\n\n<div class=\"wp-block-column\">\n<p class=\"font-weight-300 letter-spacing max-w-500\">Una proposta in crescita, dove non solo noi abbiamo un posto. <\/p>\n\n\n\n<p class=\"font-weight-300 letter-spacing max-w-500\">Siamo impegnati nel talento e nei nuovi agenti conciliatori che possono essere AGGIUNTI ad ogni progetto.<\/p>\n\n\n\n<div style=\"height:140px\" aria-hidden=\"true\" class=\"wp-block-spacer\"><\/div>\n\n\n\n<div class=\"wp-block-buttons has-custom-font-size has-m-font-size is-horizontal is-content-justification-left is-nowrap is-layout-flex wp-container-core-buttons-is-layout-8e8a235c wp-block-buttons-is-layout-flex\">\n<div class=\"wp-block-button has-custom-width wp-block-button__width-50 has-custom-font-size is-style-fill\" style=\"font-size:16px\"><a class=\"wp-block-button__link has-tertiary-color has-gray-100-background-color has-text-color has-background has-text-align-center wp-element-button\" href=\"https:\/\/concilians.com\/it\/contatto\/\" style=\"border-radius:500px;padding-top:var(--wp--preset--spacing--40);padding-right:var(--wp--preset--spacing--40);padding-bottom:var(--wp--preset--spacing--40);padding-left:var(--wp--preset--spacing--40)\">Contattaci<\/a><\/div>\n<\/div>\n<\/div>\n<\/div>\n<\/div><\/div><\/div>\n","protected":false},"excerpt":{"rendered":"<div class=\"entry-summary\">\n&#8220;Formiche:un esempio in natura&#8221; Intelligenza collettivalavoro comuneOrdine dal caosBuon funzionamento del gruppoAdattarsi ai cambiamentiVivere in armonia 1 Intelligenzacollettiva elavoro comune I suoi sistemi organizzativi e di governance sono basati sull&#8217;intelligenza collettiva. Questo&hellip;\n<\/div>\n<div class=\"link-more-container\"><a href=\"https:\/\/concilians.com\/it\/filosofia\/\" class=\"link-more button\" aria-label=\"Continue reading Filosofia\">Continue reading&hellip;<\/a><\/div>\n","protected":false},"author":1,"featured_media":0,"parent":0,"menu_order":17,"comment_status":"closed","ping_status":"closed","template":"","meta":{"footnotes":""},"class_list":["post-1424","page","type-page","status-publish","hentry","entry","entry-type-page"],"yoast_head":"<!-- This site is optimized with the Yoast SEO plugin v21.2 - https:\/\/yoast.com\/wordpress\/plugins\/seo\/ -->\n<title>Filosofia - Concilians<\/title>\n<meta name=\"robots\" content=\"index, follow, max-snippet:-1, max-image-preview:large, max-video-preview:-1\" \/>\n<link rel=\"canonical\" href=\"https:\/\/concilians.com\/it\/filosofia\/\" \/>\n<meta property=\"og:locale\" content=\"it_IT\" \/>\n<meta property=\"og:type\" content=\"article\" \/>\n<meta property=\"og:title\" content=\"Filosofia - Concilians\" \/>\n<meta property=\"og:description\" content=\"&#8220;Formiche:un esempio in natura&#8221; Intelligenza collettivalavoro comuneOrdine dal caosBuon funzionamento del gruppoAdattarsi ai cambiamentiVivere in armonia 1 Intelligenzacollettiva elavoro comune I suoi sistemi organizzativi e di governance sono basati sull&#8217;intelligenza collettiva. Questo&hellip; Continue reading&hellip;\" \/>\n<meta property=\"og:url\" content=\"https:\/\/concilians.com\/it\/filosofia\/\" \/>\n<meta property=\"og:site_name\" content=\"Concilians\" \/>\n<meta property=\"article:modified_time\" content=\"2024-11-07T11:38:21+00:00\" \/>\n<meta property=\"og:image\" content=\"http:\/\/concilians.com\/wp-content\/uploads\/2023\/06\/IMG_4466-1.jpg\" \/>\n<meta name=\"twitter:card\" content=\"summary_large_image\" \/>\n<meta name=\"twitter:label1\" content=\"Tempo di lettura stimato\" \/>\n\t<meta name=\"twitter:data1\" content=\"3 minuti\" \/>\n<script type=\"application\/ld+json\" class=\"yoast-schema-graph\">{\"@context\":\"https:\/\/schema.org\",\"@graph\":[{\"@type\":\"WebPage\",\"@id\":\"https:\/\/concilians.com\/it\/filosofia\/\",\"url\":\"https:\/\/concilians.com\/it\/filosofia\/\",\"name\":\"Filosofia - Concilians\",\"isPartOf\":{\"@id\":\"https:\/\/concilians.com\/it\/#website\"},\"datePublished\":\"2023-05-25T10:25:41+00:00\",\"dateModified\":\"2024-11-07T11:38:21+00:00\",\"breadcrumb\":{\"@id\":\"https:\/\/concilians.com\/it\/filosofia\/#breadcrumb\"},\"inLanguage\":\"it-IT\",\"potentialAction\":[{\"@type\":\"ReadAction\",\"target\":[\"https:\/\/concilians.com\/it\/filosofia\/\"]}]},{\"@type\":\"BreadcrumbList\",\"@id\":\"https:\/\/concilians.com\/it\/filosofia\/#breadcrumb\",\"itemListElement\":[{\"@type\":\"ListItem\",\"position\":1,\"name\":\"Inici\",\"item\":\"https:\/\/concilians.com\/it\/\"},{\"@type\":\"ListItem\",\"position\":2,\"name\":\"Filosofia\"}]},{\"@type\":\"WebSite\",\"@id\":\"https:\/\/concilians.com\/it\/#website\",\"url\":\"https:\/\/concilians.com\/it\/\",\"name\":\"Concilians\",\"description\":\"\",\"publisher\":{\"@id\":\"https:\/\/concilians.com\/it\/#organization\"},\"potentialAction\":[{\"@type\":\"SearchAction\",\"target\":{\"@type\":\"EntryPoint\",\"urlTemplate\":\"https:\/\/concilians.com\/it\/?s={search_term_string}\"},\"query-input\":\"required name=search_term_string\"}],\"inLanguage\":\"it-IT\"},{\"@type\":\"Organization\",\"@id\":\"https:\/\/concilians.com\/it\/#organization\",\"name\":\"Concilians\",\"url\":\"https:\/\/concilians.com\/it\/\",\"logo\":{\"@type\":\"ImageObject\",\"inLanguage\":\"it-IT\",\"@id\":\"https:\/\/concilians.com\/it\/#\/schema\/logo\/image\/\",\"url\":\"https:\/\/concilians.com\/wp-content\/uploads\/2023\/05\/Group-2.png\",\"contentUrl\":\"https:\/\/concilians.com\/wp-content\/uploads\/2023\/05\/Group-2.png\",\"width\":484,\"height\":86,\"caption\":\"Concilians\"},\"image\":{\"@id\":\"https:\/\/concilians.com\/it\/#\/schema\/logo\/image\/\"}}]}<\/script>\n<!-- \/ Yoast SEO plugin. -->","yoast_head_json":{"title":"Filosofia - Concilians","robots":{"index":"index","follow":"follow","max-snippet":"max-snippet:-1","max-image-preview":"max-image-preview:large","max-video-preview":"max-video-preview:-1"},"canonical":"https:\/\/concilians.com\/it\/filosofia\/","og_locale":"it_IT","og_type":"article","og_title":"Filosofia - Concilians","og_description":"&#8220;Formiche:un esempio in natura&#8221; Intelligenza collettivalavoro comuneOrdine dal caosBuon funzionamento del gruppoAdattarsi ai cambiamentiVivere in armonia 1 Intelligenzacollettiva elavoro comune I suoi sistemi organizzativi e di governance sono basati sull&#8217;intelligenza collettiva. Questo&hellip; Continue reading&hellip;","og_url":"https:\/\/concilians.com\/it\/filosofia\/","og_site_name":"Concilians","article_modified_time":"2024-11-07T11:38:21+00:00","og_image":[{"url":"http:\/\/concilians.com\/wp-content\/uploads\/2023\/06\/IMG_4466-1.jpg"}],"twitter_card":"summary_large_image","twitter_misc":{"Tempo di lettura stimato":"3 minuti"},"schema":{"@context":"https:\/\/schema.org","@graph":[{"@type":"WebPage","@id":"https:\/\/concilians.com\/it\/filosofia\/","url":"https:\/\/concilians.com\/it\/filosofia\/","name":"Filosofia - Concilians","isPartOf":{"@id":"https:\/\/concilians.com\/it\/#website"},"datePublished":"2023-05-25T10:25:41+00:00","dateModified":"2024-11-07T11:38:21+00:00","breadcrumb":{"@id":"https:\/\/concilians.com\/it\/filosofia\/#breadcrumb"},"inLanguage":"it-IT","potentialAction":[{"@type":"ReadAction","target":["https:\/\/concilians.com\/it\/filosofia\/"]}]},{"@type":"BreadcrumbList","@id":"https:\/\/concilians.com\/it\/filosofia\/#breadcrumb","itemListElement":[{"@type":"ListItem","position":1,"name":"Inici","item":"https:\/\/concilians.com\/it\/"},{"@type":"ListItem","position":2,"name":"Filosofia"}]},{"@type":"WebSite","@id":"https:\/\/concilians.com\/it\/#website","url":"https:\/\/concilians.com\/it\/","name":"Concilians","description":"","publisher":{"@id":"https:\/\/concilians.com\/it\/#organization"},"potentialAction":[{"@type":"SearchAction","target":{"@type":"EntryPoint","urlTemplate":"https:\/\/concilians.com\/it\/?s={search_term_string}"},"query-input":"required name=search_term_string"}],"inLanguage":"it-IT"},{"@type":"Organization","@id":"https:\/\/concilians.com\/it\/#organization","name":"Concilians","url":"https:\/\/concilians.com\/it\/","logo":{"@type":"ImageObject","inLanguage":"it-IT","@id":"https:\/\/concilians.com\/it\/#\/schema\/logo\/image\/","url":"https:\/\/concilians.com\/wp-content\/uploads\/2023\/05\/Group-2.png","contentUrl":"https:\/\/concilians.com\/wp-content\/uploads\/2023\/05\/Group-2.png","width":484,"height":86,"caption":"Concilians"},"image":{"@id":"https:\/\/concilians.com\/it\/#\/schema\/logo\/image\/"}}]}},"_links":{"self":[{"href":"https:\/\/concilians.com\/it\/wp-json\/wp\/v2\/pages\/1424","targetHints":{"allow":["GET"]}}],"collection":[{"href":"https:\/\/concilians.com\/it\/wp-json\/wp\/v2\/pages"}],"about":[{"href":"https:\/\/concilians.com\/it\/wp-json\/wp\/v2\/types\/page"}],"author":[{"embeddable":true,"href":"https:\/\/concilians.com\/it\/wp-json\/wp\/v2\/users\/1"}],"replies":[{"embeddable":true,"href":"https:\/\/concilians.com\/it\/wp-json\/wp\/v2\/comments?post=1424"}],"version-history":[{"count":6,"href":"https:\/\/concilians.com\/it\/wp-json\/wp\/v2\/pages\/1424\/revisions"}],"predecessor-version":[{"id":1965,"href":"https:\/\/concilians.com\/it\/wp-json\/wp\/v2\/pages\/1424\/revisions\/1965"}],"wp:attachment":[{"href":"https:\/\/concilians.com\/it\/wp-json\/wp\/v2\/media?parent=1424"}],"curies":[{"name":"wp","href":"https:\/\/api.w.org\/{rel}","templated":true}]}}