{"id":1420,"date":"2023-05-24T15:16:32","date_gmt":"2023-05-24T15:16:32","guid":{"rendered":"https:\/\/concilians.com\/valori-e-proposito\/"},"modified":"2024-11-07T11:35:10","modified_gmt":"2024-11-07T11:35:10","slug":"valori-e-proposito","status":"publish","type":"page","link":"https:\/\/concilians.com\/it\/valori-e-proposito\/","title":{"rendered":"VALORI E PROPOSITO"},"content":{"rendered":"\n<div class=\"wp-block-cover alignfull is-style-default\" style=\"padding-top:120px;padding-bottom:90px;min-height:100vh;aspect-ratio:unset;\"><span aria-hidden=\"true\" class=\"wp-block-cover__background has-background-dim-40 has-background-dim\" style=\"background-color:#1b2219\"><\/span><img loading=\"lazy\" decoding=\"async\" width=\"2200\" height=\"1502\" class=\"wp-block-cover__image-background wp-image-1706\" alt=\"\" src=\"https:\/\/concilians.com\/wp-content\/uploads\/2024\/10\/bambis-1.jpg\" data-object-fit=\"cover\" srcset=\"https:\/\/concilians.com\/wp-content\/uploads\/2024\/10\/bambis-1.jpg 2200w, https:\/\/concilians.com\/wp-content\/uploads\/2024\/10\/bambis-1-300x205.jpg 300w, https:\/\/concilians.com\/wp-content\/uploads\/2024\/10\/bambis-1-1024x699.jpg 1024w, https:\/\/concilians.com\/wp-content\/uploads\/2024\/10\/bambis-1-768x524.jpg 768w, https:\/\/concilians.com\/wp-content\/uploads\/2024\/10\/bambis-1-1536x1049.jpg 1536w, https:\/\/concilians.com\/wp-content\/uploads\/2024\/10\/bambis-1-2048x1398.jpg 2048w\" sizes=\"auto, (max-width: 2200px) 100vw, 2200px\" \/><div class=\"wp-block-cover__inner-container is-layout-flow wp-block-cover-is-layout-flow\"><div class=\"alignwide-wrap\" data-block=\"columns\">\n<div class=\"wp-block-columns alignwide\">\n<div class=\"wp-block-column is-vertically-aligned-center is-style-default\" style=\"padding-top:0;padding-right:0;padding-bottom:0;padding-left:0;flex-basis:100%\">\n<h1 class=\"wp-block-heading max-w-800 init-sentence has-primary-color has-text-color has-heading-2-font-size\" style=\"padding-bottom:var(--wp--preset--spacing--40)\">&#8216;La natura, le persone e il pianeta al centro della creazione di valore globale&#8217;<\/h1>\n\n\n\n<h1 class=\"wp-block-heading max-w-800 init-sub-sentence has-primary-color has-text-color has-xxxl-font-size\" style=\"padding-bottom:var(--wp--preset--spacing--40)\">(Carta della Terra, UNESCO)<\/h1>\n\n\n\n<div class=\"wp-block-buttons is-layout-flex wp-block-buttons-is-layout-flex\">\n<div class=\"wp-block-button has-custom-width wp-block-button__width-25 has-custom-font-size is-style-fill\" style=\"font-size:16px\"><a class=\"wp-block-button__link has-tertiary-color has-primary-background-color has-text-color has-background wp-element-button\" href=\"https:\/\/concilians.com\/it\/contatto\/\" style=\"border-radius:500px;padding-top:var(--wp--preset--spacing--40);padding-right:var(--wp--preset--spacing--40);padding-bottom:var(--wp--preset--spacing--40);padding-left:var(--wp--preset--spacing--40)\">Collaboriamo insieme?<\/a><\/div>\n<\/div>\n<\/div>\n<\/div>\n<\/div><\/div><\/div>\n\n\n\n<div class=\"wp-block-group alignfull has-white-color has-black-background-color has-text-color has-background\" id=\"welcome\" style=\"padding-top:120px;padding-bottom:90px\"><div class=\"wp-block-group__inner-container is-layout-flow wp-block-group-is-layout-flow\">\n<h2 class=\"wp-block-heading has-text-align-center has-gray-100-color has-text-color has-xxxl-font-size\" style=\"padding-bottom:var(--wp--preset--spacing--20)\">I nostri valori e la nostra missione<\/h2>\n\n\n\n<p class=\"has-text-align-center font-weight-300 letter-spacing has-gray-100-color has-text-color has-m-font-size\" style=\"padding-bottom:var(--wp--preset--spacing--50)\">Responsabilit\u00e0, empatia, fiducia,<br>onest\u00e0, umilt\u00e0 e pazienza.<\/p>\n\n\n<div class=\"alignwide-wrap\" data-block=\"columns\">\n<div class=\"wp-block-columns alignwide\">\n<div class=\"wp-block-column mission-decoration\"><div class=\"wp-block-image\">\n<figure class=\"aligncenter size-full is-resized\"><img loading=\"lazy\" decoding=\"async\" width=\"518\" height=\"576\" src=\"http:\/\/concilians.com\/wp-content\/uploads\/2023\/05\/Group-2-1-1.png\" alt=\"\" class=\"wp-image-233\" style=\"width:300px;height:undefinedpx\" srcset=\"https:\/\/concilians.com\/wp-content\/uploads\/2023\/05\/Group-2-1-1.png 518w, https:\/\/concilians.com\/wp-content\/uploads\/2023\/05\/Group-2-1-1-270x300.png 270w\" sizes=\"auto, (max-width: 518px) 100vw, 518px\" \/><\/figure>\n<\/div>\n\n\n<h2 class=\"wp-block-heading has-gray-100-color has-text-color has-xxl-font-size\">Mettiamo le persone<br>al centro<\/h2>\n<\/div>\n<\/div>\n<\/div>\n\n\n<p class=\"has-text-align-center font-weight-300 letter-spacing has-gray-100-color has-text-color\" style=\"padding-top:var(--wp--preset--spacing--70)\">&#8216;Il nostro scopo \u00e8 aiutare le aziende e le organizzazioni a evolversi verso un nuovo tipo di governance centrata sulla persona&#8217;<br><br>Aiutiamo a costruire indicatori per le organizzazioni con uno proposito.<\/p>\n<\/div><\/div>\n\n\n\n<div class=\"wp-block-group alignfull has-gray-100-background-color has-background\" style=\"padding-top:90px;padding-bottom:90px\"><div class=\"wp-block-group__inner-container is-layout-flow wp-block-group-is-layout-flow\"><div class=\"alignwide-wrap\" data-block=\"columns\">\n<div class=\"wp-block-columns alignwide are-vertically-aligned-center is-style-default\">\n<div class=\"wp-block-column is-vertically-aligned-center\" style=\"flex-basis:30%\">\n<hr class=\"wp-block-separator has-text-color has-secondary-color has-alpha-channel-opacity has-secondary-background-color has-background is-style-wide\"\/>\n\n\n\n<h2 class=\"wp-block-heading has-secondary-color has-text-color has-heading-3-font-size\" style=\"padding-top:var(--wp--preset--spacing--30);padding-bottom:var(--wp--preset--spacing--30)\">Vantaggi dell&#8217;intervento<br>di Concilians<\/h2>\n\n\n\n<hr class=\"wp-block-separator has-text-color has-secondary-color has-alpha-channel-opacity has-secondary-background-color has-background is-style-wide\"\/>\n<\/div>\n\n\n\n<div class=\"wp-block-column is-vertically-aligned-center has-mobile-mt has-secondary-color has-text-color\" style=\"padding-left:var(--wp--preset--spacing--60);flex-basis:70%\">\n<h2 class=\"wp-block-heading line-height-27 has-xl-font-size\">1. Riservatezza<br>2. Imparzialit\u00e0<br>3. Flessibilit\u00e0 e controllo<br>4. Rispetto degli accordi<br>5. Riduzione dei costi<br>6. Conservazione delle relazioni<\/h2>\n<\/div>\n<\/div>\n<\/div><\/div><\/div>\n\n\n\n<div class=\"wp-block-group alignfull has-primary-background-color has-background\" style=\"padding-top:90px;padding-bottom:90px\"><div class=\"wp-block-group__inner-container is-layout-flow wp-block-group-is-layout-flow\">\n<h2 class=\"wp-block-heading has-text-align-center is-style-default has-heading-3-font-size\" style=\"padding-bottom:var(--wp--preset--spacing--30)\">Che cosa \u00e9 Concilians?<\/h2>\n\n\n\n<p class=\"has-text-align-center font-weight-300 letter-spacing max-w-500\"><strong>Concilians<\/strong> \u00e8 un servizio di gestione delle controversie, focalizzato su persone, aziende e organizzazioni.<br><br><strong>Siamo esperti<\/strong> nella riproposte di situazioni complesse attraverso tecniche di mediazione all&#8217;arbitrato.<br><br><strong>Consapevoli<\/strong> che ogni caso \u00e8 diverso, proponiamo un intervento su misura, in base alle esigenze.<\/p>\n<\/div><\/div>\n\n\n\n<div class=\"wp-block-cover alignfull\" style=\"padding-top:120px;padding-bottom:90px;min-height:50vh;aspect-ratio:unset;\"><span aria-hidden=\"true\" class=\"wp-block-cover__background has-background-dim-10 has-background-dim\"><\/span><img loading=\"lazy\" decoding=\"async\" width=\"2000\" height=\"654\" class=\"wp-block-cover__image-background wp-image-276\" alt=\"\" src=\"http:\/\/concilians.com\/wp-content\/uploads\/2023\/05\/IMG_4466-2-1.jpg\" data-object-fit=\"cover\" srcset=\"https:\/\/concilians.com\/wp-content\/uploads\/2023\/05\/IMG_4466-2-1.jpg 2000w, https:\/\/concilians.com\/wp-content\/uploads\/2023\/05\/IMG_4466-2-1-300x98.jpg 300w, https:\/\/concilians.com\/wp-content\/uploads\/2023\/05\/IMG_4466-2-1-1024x335.jpg 1024w, https:\/\/concilians.com\/wp-content\/uploads\/2023\/05\/IMG_4466-2-1-768x251.jpg 768w, https:\/\/concilians.com\/wp-content\/uploads\/2023\/05\/IMG_4466-2-1-1536x502.jpg 1536w\" sizes=\"auto, (max-width: 2000px) 100vw, 2000px\" \/><div class=\"wp-block-cover__inner-container is-layout-flow wp-block-cover-is-layout-flow\"><div class=\"alignwide-wrap\" data-block=\"columns\">\n<div class=\"wp-block-columns alignwide\">\n<div class=\"wp-block-column\">\n<h2 class=\"wp-block-heading has-text-align-left has-gray-100-color has-text-color has-heading-3-font-size\" style=\"padding-bottom:var(--wp--preset--spacing--30)\">La nostra missione \u00e8<br>gestire situazioni controverse.<br>Prevenirli prima che accadano.<br>Trovare le soluzioni una volta che si presentano.<\/h2>\n\n\n\n<div class=\"wp-block-buttons has-custom-font-size has-m-font-size is-horizontal is-content-justification-left is-nowrap is-layout-flex wp-container-core-buttons-is-layout-8e8a235c wp-block-buttons-is-layout-flex\">\n<div class=\"wp-block-button has-custom-width wp-block-button__width-25 has-custom-font-size is-style-fill\" style=\"font-size:16px\"><a class=\"wp-block-button__link has-tertiary-color has-gray-100-background-color has-text-color has-background has-text-align-left wp-element-button\" href=\"https:\/\/concilians.com\/it\/filosofia\/\" style=\"border-radius:500px;padding-top:var(--wp--preset--spacing--40);padding-right:var(--wp--preset--spacing--40);padding-bottom:var(--wp--preset--spacing--40);padding-left:var(--wp--preset--spacing--40)\">La nostra filosofia<\/a><\/div>\n<\/div>\n<\/div>\n<\/div>\n<\/div><\/div><\/div>\n\n\n\n<div class=\"wp-block-group alignfull has-secondary-background-color has-background\" style=\"padding-top:90px;padding-bottom:90px\"><div class=\"wp-block-group__inner-container is-layout-constrained wp-block-group-is-layout-constrained\"><div class=\"alignwide-wrap\" data-block=\"columns\">\n<div class=\"wp-block-columns alignwide\">\n<div class=\"wp-block-column\">\n<h2 class=\"wp-block-heading\">Vuoi fare<br>anche tu CO?<br>Cooperiamo insieme!<\/h2>\n<\/div>\n\n\n\n<div class=\"wp-block-column\">\n<p class=\"font-weight-300 letter-spacing max-w-500\">Una proposta in crescita, dove non solo abbiamo un posto. <\/p>\n\n\n\n<p class=\"font-weight-300 letter-spacing max-w-500\">Siamo impegnati nel talento e nei nuovi agenti conciliatori che possono essere AGGIUNTI ad ogni progetto.<\/p>\n\n\n\n<div style=\"height:140px\" aria-hidden=\"true\" class=\"wp-block-spacer\"><\/div>\n\n\n\n<div class=\"wp-block-buttons has-custom-font-size has-m-font-size is-horizontal is-content-justification-left is-nowrap is-layout-flex wp-container-core-buttons-is-layout-8e8a235c wp-block-buttons-is-layout-flex\">\n<div class=\"wp-block-button has-custom-width wp-block-button__width-50 has-custom-font-size is-style-fill\" style=\"font-size:16px\"><a class=\"wp-block-button__link has-tertiary-color has-gray-100-background-color has-text-color has-background has-text-align-center wp-element-button\" href=\"https:\/\/concilians.com\/it\/contatto\/\" style=\"border-radius:500px;padding-top:var(--wp--preset--spacing--40);padding-right:var(--wp--preset--spacing--40);padding-bottom:var(--wp--preset--spacing--40);padding-left:var(--wp--preset--spacing--40)\">Contattaci<\/a><\/div>\n<\/div>\n<\/div>\n<\/div>\n<\/div><\/div><\/div>\n","protected":false},"excerpt":{"rendered":"<div class=\"entry-summary\">\nI nostri valori e la nostra missione Responsabilit\u00e0, empatia, fiducia,onest\u00e0, umilt\u00e0 e pazienza. Mettiamo le personeal centro &#8216;Il nostro scopo \u00e8 aiutare le aziende e le organizzazioni a evolversi verso un nuovo&hellip;\n<\/div>\n<div class=\"link-more-container\"><a href=\"https:\/\/concilians.com\/it\/valori-e-proposito\/\" class=\"link-more button\" aria-label=\"Continue reading VALORI E PROPOSITO\">Continue reading&hellip;<\/a><\/div>\n","protected":false},"author":1,"featured_media":0,"parent":0,"menu_order":10,"comment_status":"closed","ping_status":"closed","template":"","meta":{"footnotes":""},"class_list":["post-1420","page","type-page","status-publish","hentry","entry","entry-type-page"],"yoast_head":"<!-- This site is optimized with the Yoast SEO plugin v21.2 - https:\/\/yoast.com\/wordpress\/plugins\/seo\/ -->\n<title>VALORI E PROPOSITO - Concilians<\/title>\n<meta name=\"robots\" content=\"index, follow, max-snippet:-1, max-image-preview:large, max-video-preview:-1\" \/>\n<link rel=\"canonical\" href=\"https:\/\/concilians.com\/it\/valori-e-proposito\/\" \/>\n<meta property=\"og:locale\" content=\"it_IT\" \/>\n<meta property=\"og:type\" content=\"article\" \/>\n<meta property=\"og:title\" content=\"VALORI E PROPOSITO - Concilians\" \/>\n<meta property=\"og:description\" content=\"I nostri valori e la nostra missione Responsabilit\u00e0, empatia, fiducia,onest\u00e0, umilt\u00e0 e pazienza. Mettiamo le personeal centro &#8216;Il nostro scopo \u00e8 aiutare le aziende e le organizzazioni a evolversi verso un nuovo&hellip; Continue reading&hellip;\" \/>\n<meta property=\"og:url\" content=\"https:\/\/concilians.com\/it\/valori-e-proposito\/\" \/>\n<meta property=\"og:site_name\" content=\"Concilians\" \/>\n<meta property=\"article:modified_time\" content=\"2024-11-07T11:35:10+00:00\" \/>\n<meta property=\"og:image\" content=\"https:\/\/concilians.com\/wp-content\/uploads\/2024\/10\/bambis-1.jpg\" \/>\n<meta name=\"twitter:card\" content=\"summary_large_image\" \/>\n<meta name=\"twitter:label1\" content=\"Tempo di lettura stimato\" \/>\n\t<meta name=\"twitter:data1\" content=\"2 minuti\" \/>\n<script type=\"application\/ld+json\" class=\"yoast-schema-graph\">{\"@context\":\"https:\/\/schema.org\",\"@graph\":[{\"@type\":\"WebPage\",\"@id\":\"https:\/\/concilians.com\/it\/valori-e-proposito\/\",\"url\":\"https:\/\/concilians.com\/it\/valori-e-proposito\/\",\"name\":\"VALORI E PROPOSITO - Concilians\",\"isPartOf\":{\"@id\":\"https:\/\/concilians.com\/it\/#website\"},\"datePublished\":\"2023-05-24T15:16:32+00:00\",\"dateModified\":\"2024-11-07T11:35:10+00:00\",\"breadcrumb\":{\"@id\":\"https:\/\/concilians.com\/it\/valori-e-proposito\/#breadcrumb\"},\"inLanguage\":\"it-IT\",\"potentialAction\":[{\"@type\":\"ReadAction\",\"target\":[\"https:\/\/concilians.com\/it\/valori-e-proposito\/\"]}]},{\"@type\":\"BreadcrumbList\",\"@id\":\"https:\/\/concilians.com\/it\/valori-e-proposito\/#breadcrumb\",\"itemListElement\":[{\"@type\":\"ListItem\",\"position\":1,\"name\":\"Inici\",\"item\":\"https:\/\/concilians.com\/it\/\"},{\"@type\":\"ListItem\",\"position\":2,\"name\":\"VALORI E PROPOSITO\"}]},{\"@type\":\"WebSite\",\"@id\":\"https:\/\/concilians.com\/it\/#website\",\"url\":\"https:\/\/concilians.com\/it\/\",\"name\":\"Concilians\",\"description\":\"\",\"publisher\":{\"@id\":\"https:\/\/concilians.com\/it\/#organization\"},\"potentialAction\":[{\"@type\":\"SearchAction\",\"target\":{\"@type\":\"EntryPoint\",\"urlTemplate\":\"https:\/\/concilians.com\/it\/?s={search_term_string}\"},\"query-input\":\"required name=search_term_string\"}],\"inLanguage\":\"it-IT\"},{\"@type\":\"Organization\",\"@id\":\"https:\/\/concilians.com\/it\/#organization\",\"name\":\"Concilians\",\"url\":\"https:\/\/concilians.com\/it\/\",\"logo\":{\"@type\":\"ImageObject\",\"inLanguage\":\"it-IT\",\"@id\":\"https:\/\/concilians.com\/it\/#\/schema\/logo\/image\/\",\"url\":\"https:\/\/concilians.com\/wp-content\/uploads\/2023\/05\/Group-2.png\",\"contentUrl\":\"https:\/\/concilians.com\/wp-content\/uploads\/2023\/05\/Group-2.png\",\"width\":484,\"height\":86,\"caption\":\"Concilians\"},\"image\":{\"@id\":\"https:\/\/concilians.com\/it\/#\/schema\/logo\/image\/\"}}]}<\/script>\n<!-- \/ Yoast SEO plugin. -->","yoast_head_json":{"title":"VALORI E PROPOSITO - Concilians","robots":{"index":"index","follow":"follow","max-snippet":"max-snippet:-1","max-image-preview":"max-image-preview:large","max-video-preview":"max-video-preview:-1"},"canonical":"https:\/\/concilians.com\/it\/valori-e-proposito\/","og_locale":"it_IT","og_type":"article","og_title":"VALORI E PROPOSITO - Concilians","og_description":"I nostri valori e la nostra missione Responsabilit\u00e0, empatia, fiducia,onest\u00e0, umilt\u00e0 e pazienza. Mettiamo le personeal centro &#8216;Il nostro scopo \u00e8 aiutare le aziende e le organizzazioni a evolversi verso un nuovo&hellip; Continue reading&hellip;","og_url":"https:\/\/concilians.com\/it\/valori-e-proposito\/","og_site_name":"Concilians","article_modified_time":"2024-11-07T11:35:10+00:00","og_image":[{"url":"https:\/\/concilians.com\/wp-content\/uploads\/2024\/10\/bambis-1.jpg"}],"twitter_card":"summary_large_image","twitter_misc":{"Tempo di lettura stimato":"2 minuti"},"schema":{"@context":"https:\/\/schema.org","@graph":[{"@type":"WebPage","@id":"https:\/\/concilians.com\/it\/valori-e-proposito\/","url":"https:\/\/concilians.com\/it\/valori-e-proposito\/","name":"VALORI E PROPOSITO - Concilians","isPartOf":{"@id":"https:\/\/concilians.com\/it\/#website"},"datePublished":"2023-05-24T15:16:32+00:00","dateModified":"2024-11-07T11:35:10+00:00","breadcrumb":{"@id":"https:\/\/concilians.com\/it\/valori-e-proposito\/#breadcrumb"},"inLanguage":"it-IT","potentialAction":[{"@type":"ReadAction","target":["https:\/\/concilians.com\/it\/valori-e-proposito\/"]}]},{"@type":"BreadcrumbList","@id":"https:\/\/concilians.com\/it\/valori-e-proposito\/#breadcrumb","itemListElement":[{"@type":"ListItem","position":1,"name":"Inici","item":"https:\/\/concilians.com\/it\/"},{"@type":"ListItem","position":2,"name":"VALORI E PROPOSITO"}]},{"@type":"WebSite","@id":"https:\/\/concilians.com\/it\/#website","url":"https:\/\/concilians.com\/it\/","name":"Concilians","description":"","publisher":{"@id":"https:\/\/concilians.com\/it\/#organization"},"potentialAction":[{"@type":"SearchAction","target":{"@type":"EntryPoint","urlTemplate":"https:\/\/concilians.com\/it\/?s={search_term_string}"},"query-input":"required name=search_term_string"}],"inLanguage":"it-IT"},{"@type":"Organization","@id":"https:\/\/concilians.com\/it\/#organization","name":"Concilians","url":"https:\/\/concilians.com\/it\/","logo":{"@type":"ImageObject","inLanguage":"it-IT","@id":"https:\/\/concilians.com\/it\/#\/schema\/logo\/image\/","url":"https:\/\/concilians.com\/wp-content\/uploads\/2023\/05\/Group-2.png","contentUrl":"https:\/\/concilians.com\/wp-content\/uploads\/2023\/05\/Group-2.png","width":484,"height":86,"caption":"Concilians"},"image":{"@id":"https:\/\/concilians.com\/it\/#\/schema\/logo\/image\/"}}]}},"_links":{"self":[{"href":"https:\/\/concilians.com\/it\/wp-json\/wp\/v2\/pages\/1420","targetHints":{"allow":["GET"]}}],"collection":[{"href":"https:\/\/concilians.com\/it\/wp-json\/wp\/v2\/pages"}],"about":[{"href":"https:\/\/concilians.com\/it\/wp-json\/wp\/v2\/types\/page"}],"author":[{"embeddable":true,"href":"https:\/\/concilians.com\/it\/wp-json\/wp\/v2\/users\/1"}],"replies":[{"embeddable":true,"href":"https:\/\/concilians.com\/it\/wp-json\/wp\/v2\/comments?post=1420"}],"version-history":[{"count":8,"href":"https:\/\/concilians.com\/it\/wp-json\/wp\/v2\/pages\/1420\/revisions"}],"predecessor-version":[{"id":1962,"href":"https:\/\/concilians.com\/it\/wp-json\/wp\/v2\/pages\/1420\/revisions\/1962"}],"wp:attachment":[{"href":"https:\/\/concilians.com\/it\/wp-json\/wp\/v2\/media?parent=1420"}],"curies":[{"name":"wp","href":"https:\/\/api.w.org\/{rel}","templated":true}]}}