{"id":1404,"date":"2023-05-25T11:19:24","date_gmt":"2023-05-25T11:19:24","guid":{"rendered":"https:\/\/concilians.com\/propositions\/"},"modified":"2024-11-13T13:12:56","modified_gmt":"2024-11-13T13:12:56","slug":"propositions","status":"publish","type":"page","link":"https:\/\/concilians.com\/fr\/propositions\/","title":{"rendered":"Propositions"},"content":{"rendered":"\n<div class=\"wp-block-cover alignfull is-style-default\" style=\"padding-top:120px;padding-bottom:90px;min-height:100vh;aspect-ratio:unset;\"><span aria-hidden=\"true\" class=\"wp-block-cover__background has-background-dim-40 has-background-dim\" style=\"background-color:#1b2219\"><\/span><img loading=\"lazy\" decoding=\"async\" width=\"2200\" height=\"1453\" class=\"wp-block-cover__image-background wp-image-1715\" alt=\"\" src=\"https:\/\/concilians.com\/wp-content\/uploads\/2024\/10\/pinguinos.jpg\" data-object-fit=\"cover\" srcset=\"https:\/\/concilians.com\/wp-content\/uploads\/2024\/10\/pinguinos.jpg 2200w, https:\/\/concilians.com\/wp-content\/uploads\/2024\/10\/pinguinos-300x198.jpg 300w, https:\/\/concilians.com\/wp-content\/uploads\/2024\/10\/pinguinos-1024x676.jpg 1024w, https:\/\/concilians.com\/wp-content\/uploads\/2024\/10\/pinguinos-768x507.jpg 768w, https:\/\/concilians.com\/wp-content\/uploads\/2024\/10\/pinguinos-1536x1014.jpg 1536w, https:\/\/concilians.com\/wp-content\/uploads\/2024\/10\/pinguinos-2048x1353.jpg 2048w\" sizes=\"auto, (max-width: 2200px) 100vw, 2200px\" \/><div class=\"wp-block-cover__inner-container is-layout-flow wp-block-cover-is-layout-flow\"><div class=\"alignwide-wrap\" data-block=\"columns\">\n<div class=\"wp-block-columns alignwide\">\n<div class=\"wp-block-column is-vertically-aligned-center is-style-default\" style=\"padding-top:0;padding-right:0;padding-bottom:0;padding-left:0;flex-basis:100%\">\n<h1 class=\"wp-block-heading max-w-800 init-sentence has-primary-color has-text-color has-heading-2-font-size\" style=\"padding-bottom:var(--wp--preset--spacing--40)\"><strong>Concilians<\/strong><br>vous accompagne<br>dans les moments de<br>diff\u00e9rends et de conflits<\/h1>\n\n\n\n<div class=\"wp-block-buttons is-layout-flex wp-block-buttons-is-layout-flex\">\n<div class=\"wp-block-button has-custom-width wp-block-button__width-25 has-custom-font-size is-style-fill\" style=\"font-size:16px\"><a class=\"wp-block-button__link has-tertiary-color has-primary-background-color has-text-color has-background wp-element-button\" href=\"https:\/\/concilians.com\/fr\/contact\/\" style=\"border-radius:500px;padding-top:var(--wp--preset--spacing--40);padding-right:var(--wp--preset--spacing--40);padding-bottom:var(--wp--preset--spacing--40);padding-left:var(--wp--preset--spacing--40)\">Envie de coop\u00e9rer avec nous ?<\/a><\/div>\n<\/div>\n<\/div>\n<\/div>\n<\/div><\/div><\/div>\n\n\n\n<div class=\"wp-block-group alignfull has-gray-100-color has-tertiary-background-color has-text-color has-background\" id=\"welcome\" style=\"padding-top:120px;padding-bottom:90px\"><div class=\"wp-block-group__inner-container is-layout-flow wp-block-group-is-layout-flow\"><div class=\"alignwide-wrap\" data-block=\"columns\">\n<div class=\"wp-block-columns alignwide are-vertically-aligned-center is-style-default\" style=\"padding-top:0;padding-right:0;padding-bottom:0;padding-left:0\">\n<div class=\"wp-block-column is-vertically-aligned-center\" style=\"padding-right:var(--wp--preset--spacing--50)\">\n<hr class=\"wp-block-separator has-text-color has-primary-color has-alpha-channel-opacity has-primary-background-color has-background is-style-wide\"\/>\n\n\n\n<h2 class=\"wp-block-heading has-primary-color has-text-color has-heading-3-font-size\" style=\"padding-top:var(--wp--preset--spacing--30);padding-bottom:var(--wp--preset--spacing--30)\">Pourquoi est-ce que la m\u00e9diation est n\u00e9cessaire pour les entreprises?<\/h2>\n\n\n\n<hr class=\"wp-block-separator has-text-color has-primary-color has-alpha-channel-opacity has-primary-background-color has-background is-style-wide\"\/>\n<\/div>\n\n\n\n<div class=\"wp-block-column is-vertically-aligned-center has-mobile-mt has-secondary-color has-text-color\" style=\"padding-left:0\">\n<p class=\"font-weight-300 letter-spacing has-primary-color has-text-color\">Pour attirer et fid\u00e9liser les talents, promouvoir le leadership \u00e0 travers les valeurs, am\u00e9liorer la gestion des \u00e9quipes et des r\u00e9sultats, pr\u00e9venir et d\u00e9tecter les cas de harc\u00e8lement, d\u2019isolement ou de fuite de talents, am\u00e9liorer le climat de travail et g\u00e9rer efficacement les situations de crise qui peuvent survenir.<\/p>\n\n\n\n<p class=\"font-weight-300 letter-spacing has-primary-color has-text-color\">La pr\u00e9vention peut s&rsquo;av\u00e9rer un atout pr\u00e9cieux. Chez Concilians, nous proposons de la formation aux organisations afin de pr\u00e9venir les conflits. Dans un tel cas, on forme les personnes qui en font partie, les leaders, les gestionnaires et les employ\u00e9s.<\/p>\n<\/div>\n<\/div>\n<\/div><\/div><\/div>\n\n\n\n<div class=\"wp-block-group alignfull custom-list-style has-tertiary-color has-gray-100-background-color has-text-color has-background\" style=\"padding-top:90px;padding-bottom:90px\"><div class=\"wp-block-group__inner-container is-layout-constrained wp-block-group-is-layout-constrained\"><div class=\"alignwide-wrap\" data-block=\"columns\">\n<div class=\"wp-block-columns alignwide\" style=\"padding-top:0;padding-bottom:var(--wp--preset--spacing--60)\">\n<div class=\"wp-block-column\">\n<h2 class=\"wp-block-heading has-xxl-font-size\">En cas de diff\u00e9rends ou de conflits<\/h2>\n\n\n\n<div style=\"height:50px\" aria-hidden=\"true\" class=\"wp-block-spacer\"><\/div>\n\n\n\n<ul class=\"wp-block-list font-weight-300 letter-spacing\">\n<li>Avec d\u2019autres entreprises ou des tiers<\/li>\n\n\n\n<li class=\"font-weight-300 letter-spacing\">Entre personnes associ\u00e9es et\/ou membres du conseil d\u2019administration<\/li>\n\n\n\n<li>Entre entreprises du groupe ou entre si\u00e8ges<\/li>\n\n\n\n<li>Entre dirigeants, cadres, d\u00e9partements, etc.<\/li>\n\n\n\n<li>Entre la direction et les employ\u00e9s<\/li>\n\n\n\n<li>Entre employ\u00e9s<\/li>\n<\/ul>\n<\/div>\n\n\n\n<div class=\"wp-block-column has-mobile-mt\">\n<h2 class=\"wp-block-heading has-xxl-font-size\">Quelques indicateurs internes<\/h2>\n\n\n\n<div style=\"height:50px\" aria-hidden=\"true\" class=\"wp-block-spacer\"><\/div>\n\n\n\n<ul class=\"wp-block-list font-weight-300 letter-spacing\">\n<li>Dispute au sein de l&rsquo;organisation.<\/li>\n\n\n\n<li>Manque de coop\u00e9ration entre les \u00e9quipes\u200b<\/li>\n\n\n\n<li>Turnover excessif ou taux d&rsquo;absent\u00e9isme \u00e9lev\u00e9.<\/li>\n\n\n\n<li>D\u00e9motivation des personnes.<\/li>\n\n\n\n<li>Possibles comportements de maltraitance et\/ou harc\u00e8lement.<\/li>\n\n\n\n<li>\u00c9ventuel manque d&rsquo;\u00e9quit\u00e9.<\/li>\n\n\n\n<li>D\u00e9gradation de l&rsquo;ambiance de travail<\/li>\n<\/ul>\n<\/div>\n<\/div>\n<\/div>\n\n<div class=\"alignwide-wrap\" data-block=\"separator\">\n<hr class=\"wp-block-separator alignwide has-text-color has-tertiary-color has-alpha-channel-opacity has-tertiary-background-color has-background is-style-wide\"\/>\n<\/div>\n\n<div class=\"alignwide-wrap\" data-block=\"columns\">\n<div class=\"wp-block-columns alignwide\" style=\"padding-top:var(--wp--preset--spacing--60);padding-bottom:var(--wp--preset--spacing--30)\">\n<div class=\"wp-block-column has-mobile-mt\">\n<h2 class=\"wp-block-heading has-xxl-font-size\">Lorsque vous aurez besoin de<\/h2>\n\n\n\n<div style=\"height:50px\" aria-hidden=\"true\" class=\"wp-block-spacer\"><\/div>\n\n\n\n<ul class=\"wp-block-list font-weight-300 letter-spacing\">\n<li>G\u00e9rer efficacement les situations de crise<\/li>\n\n\n\n<li>Promouvoir le leadership par le biais des valeurs.<\/li>\n\n\n\n<li>Consolider l&rsquo;image de marque de l\u2019entreprise.<\/li>\n\n\n\n<li>Favoriser la fid\u00e9lisation et attirer les talents.<\/li>\n\n\n\n<li>Am\u00e9liorer la gestion des \u00e9quipes de travail.<\/li>\n\n\n\n<li>Pr\u00e9venir et d\u00e9tecter les cas de harc\u00e8lement<\/li>\n\n\n\n<li>Am\u00e9liorer le climat de travail<\/li>\n<\/ul>\n<\/div>\n\n\n\n<div class=\"wp-block-column has-mobile-mt\">\n<h2 class=\"wp-block-heading has-xxl-font-size\">D\u2019autres services que l\u2019on peut vous proposer<\/h2>\n\n\n\n<div style=\"height:50px\" aria-hidden=\"true\" class=\"wp-block-spacer\"><\/div>\n\n\n\n<ul class=\"wp-block-list font-weight-300 letter-spacing\">\n<li>Mentorat et Coaching<\/li>\n\n\n\n<li>Formation des \u00e9quipes en m\u00e9diation<\/li>\n\n\n\n<li>Espaces de communication interne<\/li>\n\n\n\n<li>Code de conduite, de valeurs et d&rsquo;\u00e9galit\u00e9<\/li>\n\n\n\n<li>Protocoles de gestion des conflits.<\/li>\n\n\n\n<li>Accords de soci\u00e9t\u00e9, individuels et collectifs.<\/li>\n\n\n\n<li>Arbitrage d\u2019\u00e9quit\u00e9<\/li>\n\n\n\n<li>Canal de d\u00e9nonciation \u00ab\u00a0whistleblowing\u00a0\u00bb<\/li>\n<\/ul>\n<\/div>\n<\/div>\n<\/div><\/div><\/div>\n\n\n\n<div class=\"wp-block-group alignfull has-primary-background-color has-background\" style=\"padding-top:90px;padding-bottom:90px\"><div class=\"wp-block-group__inner-container is-layout-flow wp-block-group-is-layout-flow\">\n<h2 class=\"wp-block-heading has-text-align-center is-style-default has-heading-3-font-size\" style=\"padding-bottom:var(--wp--preset--spacing--30)\">&lsquo;Mieux vaut&nbsp;pr\u00e9venir&nbsp;<br>que&nbsp;gu\u00e9rir&rsquo;<\/h2>\n\n\n\n<p class=\"has-text-align-center\">&lsquo;<\/p>\n\n\n\n<p class=\"has-text-align-center font-weight-300 letter-spacing max-w-500\">Nous favorisons une atmosph\u00e8re fond\u00e9e sur l&rsquo;accord, dans laquelle les objectifs de chaque personne sont parfaitement align\u00e9s.<\/p>\n\n\n\n<div class=\"wp-block-buttons is-content-justification-center is-layout-flex wp-container-core-buttons-is-layout-16018d1d wp-block-buttons-is-layout-flex\">\n<div class=\"wp-block-button has-custom-width wp-block-button__width-75 has-custom-font-size is-style-fill\" style=\"font-size:16px\"><a class=\"wp-block-button__link has-primary-color has-tertiary-background-color has-text-color has-background wp-element-button\" href=\"https:\/\/concilians.com\/fr\/contact\/\" style=\"border-radius:500px;padding-top:var(--wp--preset--spacing--40);padding-right:var(--wp--preset--spacing--40);padding-bottom:var(--wp--preset--spacing--40);padding-left:var(--wp--preset--spacing--40)\">Contactez-nous<\/a><\/div>\n<\/div>\n<\/div><\/div>\n","protected":false},"excerpt":{"rendered":"<div class=\"entry-summary\">\nPourquoi est-ce que la m\u00e9diation est n\u00e9cessaire pour les entreprises? Pour attirer et fid\u00e9liser les talents, promouvoir le leadership \u00e0 travers les valeurs, am\u00e9liorer la gestion des \u00e9quipes et des r\u00e9sultats, pr\u00e9venir&hellip;\n<\/div>\n<div class=\"link-more-container\"><a href=\"https:\/\/concilians.com\/fr\/propositions\/\" class=\"link-more button\" aria-label=\"Continue reading Propositions\">Continue reading&hellip;<\/a><\/div>\n","protected":false},"author":1,"featured_media":0,"parent":0,"menu_order":25,"comment_status":"closed","ping_status":"closed","template":"","meta":{"footnotes":""},"class_list":["post-1404","page","type-page","status-publish","hentry","entry","entry-type-page"],"yoast_head":"<!-- This site is optimized with the Yoast SEO plugin v21.2 - https:\/\/yoast.com\/wordpress\/plugins\/seo\/ -->\n<title>Propositions - Concilians<\/title>\n<meta name=\"robots\" content=\"index, follow, max-snippet:-1, max-image-preview:large, max-video-preview:-1\" \/>\n<link rel=\"canonical\" href=\"https:\/\/concilians.com\/fr\/propositions\/\" \/>\n<meta property=\"og:locale\" content=\"fr_FR\" \/>\n<meta property=\"og:type\" content=\"article\" \/>\n<meta property=\"og:title\" content=\"Propositions - Concilians\" \/>\n<meta property=\"og:description\" content=\"Pourquoi est-ce que la m\u00e9diation est n\u00e9cessaire pour les entreprises? Pour attirer et fid\u00e9liser les talents, promouvoir le leadership \u00e0 travers les valeurs, am\u00e9liorer la gestion des \u00e9quipes et des r\u00e9sultats, pr\u00e9venir&hellip; Continue reading&hellip;\" \/>\n<meta property=\"og:url\" content=\"https:\/\/concilians.com\/fr\/propositions\/\" \/>\n<meta property=\"og:site_name\" content=\"Concilians\" \/>\n<meta property=\"article:modified_time\" content=\"2024-11-13T13:12:56+00:00\" \/>\n<meta property=\"og:image\" content=\"https:\/\/concilians.com\/wp-content\/uploads\/2024\/10\/pinguinos.jpg\" \/>\n<meta name=\"twitter:card\" content=\"summary_large_image\" \/>\n<meta name=\"twitter:label1\" content=\"Dur\u00e9e de lecture estim\u00e9e\" \/>\n\t<meta name=\"twitter:data1\" content=\"2 minutes\" \/>\n<script type=\"application\/ld+json\" class=\"yoast-schema-graph\">{\"@context\":\"https:\/\/schema.org\",\"@graph\":[{\"@type\":\"WebPage\",\"@id\":\"https:\/\/concilians.com\/fr\/propositions\/\",\"url\":\"https:\/\/concilians.com\/fr\/propositions\/\",\"name\":\"Propositions - Concilians\",\"isPartOf\":{\"@id\":\"https:\/\/concilians.com\/fr\/#website\"},\"datePublished\":\"2023-05-25T11:19:24+00:00\",\"dateModified\":\"2024-11-13T13:12:56+00:00\",\"breadcrumb\":{\"@id\":\"https:\/\/concilians.com\/fr\/propositions\/#breadcrumb\"},\"inLanguage\":\"fr-FR\",\"potentialAction\":[{\"@type\":\"ReadAction\",\"target\":[\"https:\/\/concilians.com\/fr\/propositions\/\"]}]},{\"@type\":\"BreadcrumbList\",\"@id\":\"https:\/\/concilians.com\/fr\/propositions\/#breadcrumb\",\"itemListElement\":[{\"@type\":\"ListItem\",\"position\":1,\"name\":\"Inici\",\"item\":\"https:\/\/concilians.com\/fr\/\"},{\"@type\":\"ListItem\",\"position\":2,\"name\":\"Propositions\"}]},{\"@type\":\"WebSite\",\"@id\":\"https:\/\/concilians.com\/fr\/#website\",\"url\":\"https:\/\/concilians.com\/fr\/\",\"name\":\"Concilians\",\"description\":\"\",\"publisher\":{\"@id\":\"https:\/\/concilians.com\/fr\/#organization\"},\"potentialAction\":[{\"@type\":\"SearchAction\",\"target\":{\"@type\":\"EntryPoint\",\"urlTemplate\":\"https:\/\/concilians.com\/fr\/?s={search_term_string}\"},\"query-input\":\"required name=search_term_string\"}],\"inLanguage\":\"fr-FR\"},{\"@type\":\"Organization\",\"@id\":\"https:\/\/concilians.com\/fr\/#organization\",\"name\":\"Concilians\",\"url\":\"https:\/\/concilians.com\/fr\/\",\"logo\":{\"@type\":\"ImageObject\",\"inLanguage\":\"fr-FR\",\"@id\":\"https:\/\/concilians.com\/fr\/#\/schema\/logo\/image\/\",\"url\":\"https:\/\/concilians.com\/wp-content\/uploads\/2023\/05\/Group-2.png\",\"contentUrl\":\"https:\/\/concilians.com\/wp-content\/uploads\/2023\/05\/Group-2.png\",\"width\":484,\"height\":86,\"caption\":\"Concilians\"},\"image\":{\"@id\":\"https:\/\/concilians.com\/fr\/#\/schema\/logo\/image\/\"}}]}<\/script>\n<!-- \/ Yoast SEO plugin. -->","yoast_head_json":{"title":"Propositions - Concilians","robots":{"index":"index","follow":"follow","max-snippet":"max-snippet:-1","max-image-preview":"max-image-preview:large","max-video-preview":"max-video-preview:-1"},"canonical":"https:\/\/concilians.com\/fr\/propositions\/","og_locale":"fr_FR","og_type":"article","og_title":"Propositions - Concilians","og_description":"Pourquoi est-ce que la m\u00e9diation est n\u00e9cessaire pour les entreprises? Pour attirer et fid\u00e9liser les talents, promouvoir le leadership \u00e0 travers les valeurs, am\u00e9liorer la gestion des \u00e9quipes et des r\u00e9sultats, pr\u00e9venir&hellip; Continue reading&hellip;","og_url":"https:\/\/concilians.com\/fr\/propositions\/","og_site_name":"Concilians","article_modified_time":"2024-11-13T13:12:56+00:00","og_image":[{"url":"https:\/\/concilians.com\/wp-content\/uploads\/2024\/10\/pinguinos.jpg"}],"twitter_card":"summary_large_image","twitter_misc":{"Dur\u00e9e de lecture estim\u00e9e":"2 minutes"},"schema":{"@context":"https:\/\/schema.org","@graph":[{"@type":"WebPage","@id":"https:\/\/concilians.com\/fr\/propositions\/","url":"https:\/\/concilians.com\/fr\/propositions\/","name":"Propositions - Concilians","isPartOf":{"@id":"https:\/\/concilians.com\/fr\/#website"},"datePublished":"2023-05-25T11:19:24+00:00","dateModified":"2024-11-13T13:12:56+00:00","breadcrumb":{"@id":"https:\/\/concilians.com\/fr\/propositions\/#breadcrumb"},"inLanguage":"fr-FR","potentialAction":[{"@type":"ReadAction","target":["https:\/\/concilians.com\/fr\/propositions\/"]}]},{"@type":"BreadcrumbList","@id":"https:\/\/concilians.com\/fr\/propositions\/#breadcrumb","itemListElement":[{"@type":"ListItem","position":1,"name":"Inici","item":"https:\/\/concilians.com\/fr\/"},{"@type":"ListItem","position":2,"name":"Propositions"}]},{"@type":"WebSite","@id":"https:\/\/concilians.com\/fr\/#website","url":"https:\/\/concilians.com\/fr\/","name":"Concilians","description":"","publisher":{"@id":"https:\/\/concilians.com\/fr\/#organization"},"potentialAction":[{"@type":"SearchAction","target":{"@type":"EntryPoint","urlTemplate":"https:\/\/concilians.com\/fr\/?s={search_term_string}"},"query-input":"required name=search_term_string"}],"inLanguage":"fr-FR"},{"@type":"Organization","@id":"https:\/\/concilians.com\/fr\/#organization","name":"Concilians","url":"https:\/\/concilians.com\/fr\/","logo":{"@type":"ImageObject","inLanguage":"fr-FR","@id":"https:\/\/concilians.com\/fr\/#\/schema\/logo\/image\/","url":"https:\/\/concilians.com\/wp-content\/uploads\/2023\/05\/Group-2.png","contentUrl":"https:\/\/concilians.com\/wp-content\/uploads\/2023\/05\/Group-2.png","width":484,"height":86,"caption":"Concilians"},"image":{"@id":"https:\/\/concilians.com\/fr\/#\/schema\/logo\/image\/"}}]}},"_links":{"self":[{"href":"https:\/\/concilians.com\/fr\/wp-json\/wp\/v2\/pages\/1404","targetHints":{"allow":["GET"]}}],"collection":[{"href":"https:\/\/concilians.com\/fr\/wp-json\/wp\/v2\/pages"}],"about":[{"href":"https:\/\/concilians.com\/fr\/wp-json\/wp\/v2\/types\/page"}],"author":[{"embeddable":true,"href":"https:\/\/concilians.com\/fr\/wp-json\/wp\/v2\/users\/1"}],"replies":[{"embeddable":true,"href":"https:\/\/concilians.com\/fr\/wp-json\/wp\/v2\/comments?post=1404"}],"version-history":[{"count":12,"href":"https:\/\/concilians.com\/fr\/wp-json\/wp\/v2\/pages\/1404\/revisions"}],"predecessor-version":[{"id":2008,"href":"https:\/\/concilians.com\/fr\/wp-json\/wp\/v2\/pages\/1404\/revisions\/2008"}],"wp:attachment":[{"href":"https:\/\/concilians.com\/fr\/wp-json\/wp\/v2\/media?parent=1404"}],"curies":[{"name":"wp","href":"https:\/\/api.w.org\/{rel}","templated":true}]}}