{"id":1402,"date":"2023-05-25T10:25:41","date_gmt":"2023-05-25T10:25:41","guid":{"rendered":"https:\/\/concilians.com\/philosophie\/"},"modified":"2024-11-13T13:02:04","modified_gmt":"2024-11-13T13:02:04","slug":"philosophie","status":"publish","type":"page","link":"https:\/\/concilians.com\/fr\/philosophie\/","title":{"rendered":"Philosophie"},"content":{"rendered":"\n<div class=\"wp-block-cover alignfull is-style-default\" style=\"padding-top:120px;padding-bottom:90px;min-height:100vh;aspect-ratio:unset;\"><span aria-hidden=\"true\" class=\"wp-block-cover__background has-background-dim-40 has-background-dim\" style=\"background-color:#1b2219\"><\/span><img loading=\"lazy\" decoding=\"async\" width=\"2000\" height=\"1249\" class=\"wp-block-cover__image-background wp-image-609\" alt=\"\" src=\"http:\/\/concilians.com\/wp-content\/uploads\/2023\/06\/IMG_4466-1.jpg\" data-object-fit=\"cover\" srcset=\"https:\/\/concilians.com\/wp-content\/uploads\/2023\/06\/IMG_4466-1.jpg 2000w, https:\/\/concilians.com\/wp-content\/uploads\/2023\/06\/IMG_4466-1-300x187.jpg 300w, https:\/\/concilians.com\/wp-content\/uploads\/2023\/06\/IMG_4466-1-1024x639.jpg 1024w, https:\/\/concilians.com\/wp-content\/uploads\/2023\/06\/IMG_4466-1-768x480.jpg 768w, https:\/\/concilians.com\/wp-content\/uploads\/2023\/06\/IMG_4466-1-1536x959.jpg 1536w\" sizes=\"auto, (max-width: 2000px) 100vw, 2000px\" \/><div class=\"wp-block-cover__inner-container is-layout-flow wp-block-cover-is-layout-flow\"><div class=\"alignwide-wrap\" data-block=\"columns\">\n<div class=\"wp-block-columns alignwide\">\n<div class=\"wp-block-column is-vertically-aligned-center is-style-default\" style=\"padding-top:0;padding-right:0;padding-bottom:0;padding-left:0;flex-basis:100%\">\n<h1 class=\"wp-block-heading max-w-800 init-sentence has-primary-color has-text-color has-heading-2-font-size\" style=\"padding-bottom:var(--wp--preset--spacing--40)\">La philosophie<br>de Coop\u00e9rer<br>ensemble<\/h1>\n\n\n\n<div class=\"wp-block-buttons is-layout-flex wp-block-buttons-is-layout-flex\">\n<div class=\"wp-block-button has-custom-width wp-block-button__width-25 has-custom-font-size is-style-fill\" style=\"font-size:16px\"><a class=\"wp-block-button__link has-tertiary-color has-primary-background-color has-text-color has-background wp-element-button\" href=\"https:\/\/concilians.com\/fr\/contact\/\" style=\"border-radius:500px;padding-top:var(--wp--preset--spacing--40);padding-right:var(--wp--preset--spacing--40);padding-bottom:var(--wp--preset--spacing--40);padding-left:var(--wp--preset--spacing--40)\">Envie de coop\u00e9rer avec nous ?<\/a><\/div>\n<\/div>\n<\/div>\n<\/div>\n<\/div><\/div><\/div>\n\n\n\n<div class=\"wp-block-group alignfull has-primary-background-color has-background\" id=\"welcome\" style=\"padding-top:90px;padding-bottom:90px\"><div class=\"wp-block-group__inner-container is-layout-flow wp-block-group-is-layout-flow\">\n<h2 class=\"wp-block-heading has-text-align-center is-style-default has-xxxl-font-size\" style=\"padding-bottom:var(--wp--preset--spacing--30)\">Les fourmis :<br>&lsquo;un exemple dans la nature\u2019<\/h2>\n\n\n\n<p class=\"has-text-align-center font-weight-300 letter-spacing\">L&rsquo;intelligence collective et<br>Un travail en commun<br>L\u2019ordre \u00e0 partir du chaos.<br>Le bon fonctionnement du groupe.<br>L&rsquo;adaptation aux changements.<br>Vivre en harmonie.<\/p>\n<\/div><\/div>\n\n\n\n<div class=\"wp-block-group alignfull is_relative has-tertiary-color has-gray-100-background-color has-text-color has-background\" style=\"padding-top:90px;padding-bottom:90px\"><div class=\"wp-block-group__inner-container is-layout-flow wp-block-group-is-layout-flow\">\n<h2 class=\"wp-block-heading number-ph\">1<\/h2>\n\n\n<div class=\"alignwide-wrap\" data-block=\"separator\">\n<hr class=\"wp-block-separator alignwide has-text-color has-tertiary-color has-alpha-channel-opacity has-tertiary-background-color has-background is-style-wide\"\/>\n<\/div>\n\n<div class=\"alignwide-wrap\" data-block=\"columns\">\n<div class=\"wp-block-columns alignwide are-vertically-aligned-top\" style=\"padding-top:var(--wp--preset--spacing--60);padding-right:var(--wp--preset--spacing--40);padding-bottom:0;padding-left:var(--wp--preset--spacing--40)\">\n<div class=\"wp-block-column is-vertically-aligned-top\">\n<h2 class=\"wp-block-heading has-heading-4-font-size\">L&rsquo;intelligence<br>collective et<br>Un travail en commun<\/h2>\n<\/div>\n\n\n\n<div class=\"wp-block-column is-vertically-aligned-top\">\n<p class=\"font-weight-300 letter-spacing\">Leurs syst\u00e8mes organisationnels et de gouvernement reposent sur l&rsquo;intelligence collective. Un tel syst\u00e8me permet \u00e0 un groupe d&rsquo;apprendre, de comprendre, de raisonner et de prendre des d\u00e9cisions qui diff\u00e8rent de celles prises s\u00e9par\u00e9ment.<br>C&rsquo;est ce principe qui devrait servir de guide aux organisations. \u00ab\u00a0La connexion pr\u00e9sente toujours une plus grande valeur ajout\u00e9e que le montage des pi\u00e8ces.\u00a0\u00bb<\/p>\n<\/div>\n<\/div>\n<\/div>\n\n\n<h2 class=\"wp-block-heading number-ph\">2<\/h2>\n\n\n<div class=\"alignwide-wrap\" data-block=\"separator\">\n<hr class=\"wp-block-separator alignwide has-text-color has-tertiary-color has-alpha-channel-opacity has-tertiary-background-color has-background is-style-wide\"\/>\n<\/div>\n\n<div class=\"alignwide-wrap\" data-block=\"columns\">\n<div class=\"wp-block-columns alignwide are-vertically-aligned-top\" style=\"padding-top:var(--wp--preset--spacing--60);padding-right:var(--wp--preset--spacing--40);padding-bottom:0;padding-left:var(--wp--preset--spacing--40)\">\n<div class=\"wp-block-column is-vertically-aligned-top\">\n<h2 class=\"wp-block-heading has-heading-4-font-size\">L\u2019ordre<br>\u00e0 partir du chaos<\/h2>\n<\/div>\n\n\n\n<div class=\"wp-block-column is-vertically-aligned-top\">\n<p class=\"font-weight-300 letter-spacing\">\u00catre capable de hi\u00e9rarchiser quelles actions sont essentielles et lesquelles sont plus secondaires, les rend 100% efficaces dans leur t\u00e2che. Chez Concilians, nous consacrons notre \u00e9nergie \u00e0 identifier les priorit\u00e9s pour une r\u00e9solution efficace des diff\u00e9rends.<\/p>\n<\/div>\n<\/div>\n<\/div>\n\n\n<h2 class=\"wp-block-heading number-ph\">3<\/h2>\n\n\n<div class=\"alignwide-wrap\" data-block=\"separator\">\n<hr class=\"wp-block-separator alignwide has-text-color has-tertiary-color has-alpha-channel-opacity has-tertiary-background-color has-background is-style-wide\"\/>\n<\/div>\n\n<div class=\"alignwide-wrap\" data-block=\"columns\">\n<div class=\"wp-block-columns alignwide are-vertically-aligned-top\" style=\"padding-top:var(--wp--preset--spacing--60);padding-right:var(--wp--preset--spacing--40);padding-bottom:0;padding-left:var(--wp--preset--spacing--40)\">\n<div class=\"wp-block-column is-vertically-aligned-top\">\n<h2 class=\"wp-block-heading has-heading-4-font-size\">Le bon<br>fonctionnement<br>du groupe<\/h2>\n<\/div>\n\n\n\n<div class=\"wp-block-column is-vertically-aligned-top\">\n<p class=\"font-weight-300 letter-spacing\">Leur objectif principal est d\u2019am\u00e9liorer le fonctionnement du groupe. Elles savent qu\u2019elles sont plus vuln\u00e9rables seules que lorsqu\u2019elles font partie du groupe. Autrement dit, personne n\u2019est JAMAIS mis de c\u00f4t\u00e9.\u2028<br>Chez Concilians, nous croyons en l\u2019int\u00e9r\u00eat collectif et dans notre travail, nous nous assurons que cela se produise au sein des organisations.<\/p>\n<\/div>\n<\/div>\n<\/div>\n\n\n<h2 class=\"wp-block-heading number-ph\">4<\/h2>\n\n\n<div class=\"alignwide-wrap\" data-block=\"separator\">\n<hr class=\"wp-block-separator alignwide has-text-color has-tertiary-color has-alpha-channel-opacity has-tertiary-background-color has-background is-style-wide\"\/>\n<\/div>\n\n<div class=\"alignwide-wrap\" data-block=\"columns\">\n<div class=\"wp-block-columns alignwide are-vertically-aligned-top\" style=\"padding-top:var(--wp--preset--spacing--60);padding-right:var(--wp--preset--spacing--40);padding-bottom:0;padding-left:var(--wp--preset--spacing--40)\">\n<div class=\"wp-block-column is-vertically-aligned-top\">\n<h2 class=\"wp-block-heading has-heading-4-font-size\">L\u2019adaptation aux<br>changements<\/h2>\n<\/div>\n\n\n\n<div class=\"wp-block-column is-vertically-aligned-top\">\n<p class=\"font-weight-300 letter-spacing\">La r\u00e9ponse est imm\u00e9diate aux nouvelles situations et l\u2019adaptation aux diff\u00e9rents niveaux de menace. Elles comprennent chaque nouveau probl\u00e8me, s\u2019adaptent aux diff\u00e9rents d\u00e9fis simultan\u00e9s et savent combien d\u2019\u00e9nergie utiliser pour cr\u00e9er diff\u00e9rentes alternatives et solutions.\u2028Les diff\u00e9rends surviennent souvent dans le sillage du\u2028changement. La m\u00e9diation permet de transformer\u2028cette controverse en opportunit\u00e9, de r\u00e9soudre le conflit et d\u2019am\u00e9liorer la situation des parties.<\/p>\n<\/div>\n<\/div>\n<\/div>\n\n\n<h2 class=\"wp-block-heading number-ph\">5<\/h2>\n\n\n<div class=\"alignwide-wrap\" data-block=\"separator\">\n<hr class=\"wp-block-separator alignwide has-text-color has-tertiary-color has-alpha-channel-opacity has-tertiary-background-color has-background is-style-wide\"\/>\n<\/div>\n\n<div class=\"alignwide-wrap\" data-block=\"columns\">\n<div class=\"wp-block-columns alignwide are-vertically-aligned-top\" style=\"padding-top:var(--wp--preset--spacing--60);padding-right:var(--wp--preset--spacing--40);padding-bottom:var(--wp--preset--spacing--30);padding-left:var(--wp--preset--spacing--40)\">\n<div class=\"wp-block-column is-vertically-aligned-top\">\n<h2 class=\"wp-block-heading has-heading-4-font-size\">Vivre<br>en harmonie<\/h2>\n<\/div>\n\n\n\n<div class=\"wp-block-column is-vertically-aligned-top\">\n<p class=\"font-weight-300 letter-spacing\">De ces valeurs, on peut en d\u00e9duire qu\u2019il faut accorder la priorit\u00e9 au bien-\u00eatre collectif plut\u00f4t qu\u2019au bien-\u00eatre individuel. Mettre l\u2019ego de c\u00f4t\u00e9 et agir dans l\u2019int\u00e9r\u00eat d\u2019une communaut\u00e9.\u2028C\u2019est sur ces principes que repose notre travail. Les organisations qui fonctionnent et qui r\u00e9ussissent sont celles qui sont g\u00e9r\u00e9es avec humilit\u00e9 et au profit de tous<\/p>\n<\/div>\n<\/div>\n<\/div>\n\n<div class=\"alignwide-wrap\" data-block=\"separator\">\n<hr class=\"wp-block-separator alignwide has-text-color has-tertiary-color has-alpha-channel-opacity has-tertiary-background-color has-background is-style-wide\"\/>\n<\/div>\n\n\n<p class=\"has-text-align-center font-weight-300 letter-spacing\" style=\"padding-top:var(--wp--preset--spacing--50);padding-bottom:var(--wp--preset--spacing--20)\">Ces cinq \u00e9l\u00e9ments sont notre pierre angulaire. Nous travaillons pour le bon fonctionnement des groupes de personnes, am\u00e9liorons les relations entre eux et faisons face aux diff\u00e9rends ou conflits qui peuvent survenir.<\/p>\n\n\n\n<div class=\"wp-block-buttons is-content-justification-center is-layout-flex wp-container-core-buttons-is-layout-16018d1d wp-block-buttons-is-layout-flex\">\n<div class=\"wp-block-button has-custom-width wp-block-button__width-75 has-custom-font-size is-style-fill\" style=\"font-size:16px\"><a class=\"wp-block-button__link has-gray-100-color has-tertiary-background-color has-text-color has-background wp-element-button\" href=\"https:\/\/concilians.com\/fr\/contact\/\" style=\"border-radius:500px;padding-top:var(--wp--preset--spacing--40);padding-right:var(--wp--preset--spacing--40);padding-bottom:var(--wp--preset--spacing--40);padding-left:var(--wp--preset--spacing--40)\">Envie de coop\u00e9rer avec nous ?<\/a><\/div>\n<\/div>\n<\/div><\/div>\n\n\n\n<div class=\"wp-block-group alignfull has-secondary-background-color has-background\" style=\"padding-top:90px;padding-bottom:90px\"><div class=\"wp-block-group__inner-container is-layout-constrained wp-block-group-is-layout-constrained\"><div class=\"alignwide-wrap\" data-block=\"columns\">\n<div class=\"wp-block-columns alignwide\">\n<div class=\"wp-block-column\">\n<h2 class=\"wp-block-heading\">Veux-tu,<br>toi aussi, faire CO?<br>COoperons ensemble!<\/h2>\n<\/div>\n\n\n\n<div class=\"wp-block-column\">\n<p class=\"font-weight-300 letter-spacing max-w-500\">Une proposition qui prend de l\u2019ampleur et o\u00f9 nous ne sommes pas les seuls \u00e0 avoir de la place.<br>Nous misons sur le talent et sur de nouveaux agents de m\u00e9diation et de conciliation qui peuvent \u00eatre ajout\u00e9s \u00e0 chaque projet.<\/p>\n\n\n\n<div class=\"wp-block-buttons has-custom-font-size has-m-font-size is-horizontal is-content-justification-left is-nowrap is-layout-flex wp-container-core-buttons-is-layout-8e8a235c wp-block-buttons-is-layout-flex\">\n<div class=\"wp-block-button has-custom-width wp-block-button__width-50 has-custom-font-size is-style-fill\" style=\"font-size:16px\"><a class=\"wp-block-button__link has-tertiary-color has-gray-100-background-color has-text-color has-background has-text-align-center wp-element-button\" href=\"https:\/\/concilians.com\/fr\/contact\/\" style=\"border-radius:500px;padding-top:var(--wp--preset--spacing--40);padding-right:var(--wp--preset--spacing--40);padding-bottom:var(--wp--preset--spacing--40);padding-left:var(--wp--preset--spacing--40)\">Contactez-nous<\/a><\/div>\n<\/div>\n<\/div>\n<\/div>\n<\/div><\/div><\/div>\n","protected":false},"excerpt":{"rendered":"<div class=\"entry-summary\">\nLes fourmis :&lsquo;un exemple dans la nature\u2019 L&rsquo;intelligence collective etUn travail en communL\u2019ordre \u00e0 partir du chaos.Le bon fonctionnement du groupe.L&rsquo;adaptation aux changements.Vivre en harmonie. 1 L&rsquo;intelligencecollective etUn travail en commun Leurs&hellip;\n<\/div>\n<div class=\"link-more-container\"><a href=\"https:\/\/concilians.com\/fr\/philosophie\/\" class=\"link-more button\" aria-label=\"Continue reading Philosophie\">Continue reading&hellip;<\/a><\/div>\n","protected":false},"author":1,"featured_media":0,"parent":0,"menu_order":17,"comment_status":"closed","ping_status":"closed","template":"","meta":{"footnotes":""},"class_list":["post-1402","page","type-page","status-publish","hentry","entry","entry-type-page"],"yoast_head":"<!-- This site is optimized with the Yoast SEO plugin v21.2 - https:\/\/yoast.com\/wordpress\/plugins\/seo\/ -->\n<title>Philosophie - Concilians<\/title>\n<meta name=\"robots\" content=\"index, follow, max-snippet:-1, max-image-preview:large, max-video-preview:-1\" \/>\n<link rel=\"canonical\" href=\"https:\/\/concilians.com\/fr\/philosophie\/\" \/>\n<meta property=\"og:locale\" content=\"fr_FR\" \/>\n<meta property=\"og:type\" content=\"article\" \/>\n<meta property=\"og:title\" content=\"Philosophie - Concilians\" \/>\n<meta property=\"og:description\" content=\"Les fourmis :&lsquo;un exemple dans la nature\u2019 L&rsquo;intelligence collective etUn travail en communL\u2019ordre \u00e0 partir du chaos.Le bon fonctionnement du groupe.L&rsquo;adaptation aux changements.Vivre en harmonie. 1 L&rsquo;intelligencecollective etUn travail en commun Leurs&hellip; Continue reading&hellip;\" \/>\n<meta property=\"og:url\" content=\"https:\/\/concilians.com\/fr\/philosophie\/\" \/>\n<meta property=\"og:site_name\" content=\"Concilians\" \/>\n<meta property=\"article:modified_time\" content=\"2024-11-13T13:02:04+00:00\" \/>\n<meta property=\"og:image\" content=\"http:\/\/concilians.com\/wp-content\/uploads\/2023\/06\/IMG_4466-1.jpg\" \/>\n<meta name=\"twitter:card\" content=\"summary_large_image\" \/>\n<meta name=\"twitter:label1\" content=\"Dur\u00e9e de lecture estim\u00e9e\" \/>\n\t<meta name=\"twitter:data1\" content=\"3 minutes\" \/>\n<script type=\"application\/ld+json\" class=\"yoast-schema-graph\">{\"@context\":\"https:\/\/schema.org\",\"@graph\":[{\"@type\":\"WebPage\",\"@id\":\"https:\/\/concilians.com\/fr\/philosophie\/\",\"url\":\"https:\/\/concilians.com\/fr\/philosophie\/\",\"name\":\"Philosophie - Concilians\",\"isPartOf\":{\"@id\":\"https:\/\/concilians.com\/fr\/#website\"},\"datePublished\":\"2023-05-25T10:25:41+00:00\",\"dateModified\":\"2024-11-13T13:02:04+00:00\",\"breadcrumb\":{\"@id\":\"https:\/\/concilians.com\/fr\/philosophie\/#breadcrumb\"},\"inLanguage\":\"fr-FR\",\"potentialAction\":[{\"@type\":\"ReadAction\",\"target\":[\"https:\/\/concilians.com\/fr\/philosophie\/\"]}]},{\"@type\":\"BreadcrumbList\",\"@id\":\"https:\/\/concilians.com\/fr\/philosophie\/#breadcrumb\",\"itemListElement\":[{\"@type\":\"ListItem\",\"position\":1,\"name\":\"Inici\",\"item\":\"https:\/\/concilians.com\/fr\/\"},{\"@type\":\"ListItem\",\"position\":2,\"name\":\"Philosophie\"}]},{\"@type\":\"WebSite\",\"@id\":\"https:\/\/concilians.com\/fr\/#website\",\"url\":\"https:\/\/concilians.com\/fr\/\",\"name\":\"Concilians\",\"description\":\"\",\"publisher\":{\"@id\":\"https:\/\/concilians.com\/fr\/#organization\"},\"potentialAction\":[{\"@type\":\"SearchAction\",\"target\":{\"@type\":\"EntryPoint\",\"urlTemplate\":\"https:\/\/concilians.com\/fr\/?s={search_term_string}\"},\"query-input\":\"required name=search_term_string\"}],\"inLanguage\":\"fr-FR\"},{\"@type\":\"Organization\",\"@id\":\"https:\/\/concilians.com\/fr\/#organization\",\"name\":\"Concilians\",\"url\":\"https:\/\/concilians.com\/fr\/\",\"logo\":{\"@type\":\"ImageObject\",\"inLanguage\":\"fr-FR\",\"@id\":\"https:\/\/concilians.com\/fr\/#\/schema\/logo\/image\/\",\"url\":\"https:\/\/concilians.com\/wp-content\/uploads\/2023\/05\/Group-2.png\",\"contentUrl\":\"https:\/\/concilians.com\/wp-content\/uploads\/2023\/05\/Group-2.png\",\"width\":484,\"height\":86,\"caption\":\"Concilians\"},\"image\":{\"@id\":\"https:\/\/concilians.com\/fr\/#\/schema\/logo\/image\/\"}}]}<\/script>\n<!-- \/ Yoast SEO plugin. -->","yoast_head_json":{"title":"Philosophie - Concilians","robots":{"index":"index","follow":"follow","max-snippet":"max-snippet:-1","max-image-preview":"max-image-preview:large","max-video-preview":"max-video-preview:-1"},"canonical":"https:\/\/concilians.com\/fr\/philosophie\/","og_locale":"fr_FR","og_type":"article","og_title":"Philosophie - Concilians","og_description":"Les fourmis :&lsquo;un exemple dans la nature\u2019 L&rsquo;intelligence collective etUn travail en communL\u2019ordre \u00e0 partir du chaos.Le bon fonctionnement du groupe.L&rsquo;adaptation aux changements.Vivre en harmonie. 1 L&rsquo;intelligencecollective etUn travail en commun Leurs&hellip; Continue reading&hellip;","og_url":"https:\/\/concilians.com\/fr\/philosophie\/","og_site_name":"Concilians","article_modified_time":"2024-11-13T13:02:04+00:00","og_image":[{"url":"http:\/\/concilians.com\/wp-content\/uploads\/2023\/06\/IMG_4466-1.jpg"}],"twitter_card":"summary_large_image","twitter_misc":{"Dur\u00e9e de lecture estim\u00e9e":"3 minutes"},"schema":{"@context":"https:\/\/schema.org","@graph":[{"@type":"WebPage","@id":"https:\/\/concilians.com\/fr\/philosophie\/","url":"https:\/\/concilians.com\/fr\/philosophie\/","name":"Philosophie - Concilians","isPartOf":{"@id":"https:\/\/concilians.com\/fr\/#website"},"datePublished":"2023-05-25T10:25:41+00:00","dateModified":"2024-11-13T13:02:04+00:00","breadcrumb":{"@id":"https:\/\/concilians.com\/fr\/philosophie\/#breadcrumb"},"inLanguage":"fr-FR","potentialAction":[{"@type":"ReadAction","target":["https:\/\/concilians.com\/fr\/philosophie\/"]}]},{"@type":"BreadcrumbList","@id":"https:\/\/concilians.com\/fr\/philosophie\/#breadcrumb","itemListElement":[{"@type":"ListItem","position":1,"name":"Inici","item":"https:\/\/concilians.com\/fr\/"},{"@type":"ListItem","position":2,"name":"Philosophie"}]},{"@type":"WebSite","@id":"https:\/\/concilians.com\/fr\/#website","url":"https:\/\/concilians.com\/fr\/","name":"Concilians","description":"","publisher":{"@id":"https:\/\/concilians.com\/fr\/#organization"},"potentialAction":[{"@type":"SearchAction","target":{"@type":"EntryPoint","urlTemplate":"https:\/\/concilians.com\/fr\/?s={search_term_string}"},"query-input":"required name=search_term_string"}],"inLanguage":"fr-FR"},{"@type":"Organization","@id":"https:\/\/concilians.com\/fr\/#organization","name":"Concilians","url":"https:\/\/concilians.com\/fr\/","logo":{"@type":"ImageObject","inLanguage":"fr-FR","@id":"https:\/\/concilians.com\/fr\/#\/schema\/logo\/image\/","url":"https:\/\/concilians.com\/wp-content\/uploads\/2023\/05\/Group-2.png","contentUrl":"https:\/\/concilians.com\/wp-content\/uploads\/2023\/05\/Group-2.png","width":484,"height":86,"caption":"Concilians"},"image":{"@id":"https:\/\/concilians.com\/fr\/#\/schema\/logo\/image\/"}}]}},"_links":{"self":[{"href":"https:\/\/concilians.com\/fr\/wp-json\/wp\/v2\/pages\/1402","targetHints":{"allow":["GET"]}}],"collection":[{"href":"https:\/\/concilians.com\/fr\/wp-json\/wp\/v2\/pages"}],"about":[{"href":"https:\/\/concilians.com\/fr\/wp-json\/wp\/v2\/types\/page"}],"author":[{"embeddable":true,"href":"https:\/\/concilians.com\/fr\/wp-json\/wp\/v2\/users\/1"}],"replies":[{"embeddable":true,"href":"https:\/\/concilians.com\/fr\/wp-json\/wp\/v2\/comments?post=1402"}],"version-history":[{"count":12,"href":"https:\/\/concilians.com\/fr\/wp-json\/wp\/v2\/pages\/1402\/revisions"}],"predecessor-version":[{"id":2003,"href":"https:\/\/concilians.com\/fr\/wp-json\/wp\/v2\/pages\/1402\/revisions\/2003"}],"wp:attachment":[{"href":"https:\/\/concilians.com\/fr\/wp-json\/wp\/v2\/media?parent=1402"}],"curies":[{"name":"wp","href":"https:\/\/api.w.org\/{rel}","templated":true}]}}