{"id":1398,"date":"2023-05-24T15:16:32","date_gmt":"2023-05-24T15:16:32","guid":{"rendered":"https:\/\/concilians.com\/valeurs-et-mission\/"},"modified":"2024-11-13T13:03:48","modified_gmt":"2024-11-13T13:03:48","slug":"valeurs-et-mission","status":"publish","type":"page","link":"https:\/\/concilians.com\/fr\/valeurs-et-mission\/","title":{"rendered":"Valeurs et mission"},"content":{"rendered":"\n<div class=\"wp-block-cover alignfull is-style-default\" style=\"padding-top:120px;padding-bottom:90px;min-height:100vh;aspect-ratio:unset;\"><span aria-hidden=\"true\" class=\"wp-block-cover__background has-background-dim-40 has-background-dim\" style=\"background-color:#1b2219\"><\/span><img loading=\"lazy\" decoding=\"async\" width=\"2200\" height=\"1502\" class=\"wp-block-cover__image-background wp-image-1705\" alt=\"\" src=\"https:\/\/concilians.com\/wp-content\/uploads\/2024\/10\/bambis-1.jpg\" data-object-fit=\"cover\" srcset=\"https:\/\/concilians.com\/wp-content\/uploads\/2024\/10\/bambis-1.jpg 2200w, https:\/\/concilians.com\/wp-content\/uploads\/2024\/10\/bambis-1-300x205.jpg 300w, https:\/\/concilians.com\/wp-content\/uploads\/2024\/10\/bambis-1-1024x699.jpg 1024w, https:\/\/concilians.com\/wp-content\/uploads\/2024\/10\/bambis-1-768x524.jpg 768w, https:\/\/concilians.com\/wp-content\/uploads\/2024\/10\/bambis-1-1536x1049.jpg 1536w, https:\/\/concilians.com\/wp-content\/uploads\/2024\/10\/bambis-1-2048x1398.jpg 2048w\" sizes=\"auto, (max-width: 2200px) 100vw, 2200px\" \/><div class=\"wp-block-cover__inner-container is-layout-flow wp-block-cover-is-layout-flow\"><div class=\"alignwide-wrap\" data-block=\"columns\">\n<div class=\"wp-block-columns alignwide\">\n<div class=\"wp-block-column is-vertically-aligned-center is-style-default\" style=\"padding-top:0;padding-right:0;padding-bottom:0;padding-left:0;flex-basis:100%\">\n<h1 class=\"wp-block-heading max-w-800 init-sentence has-primary-color has-text-color has-heading-2-font-size\" style=\"padding-bottom:var(--wp--preset--spacing--40)\">&lsquo;La nature, les personnes et la plan\u00e8te au c\u0153ur de la cr\u00e9ation de valeur mondiale&rsquo;<\/h1>\n\n\n\n<h1 class=\"wp-block-heading max-w-800 init-sub-sentence has-primary-color has-text-color has-xxxl-font-size\" style=\"padding-bottom:var(--wp--preset--spacing--40)\">(Charte de l&rsquo;UNESCO)<\/h1>\n\n\n\n<div class=\"wp-block-buttons is-layout-flex wp-block-buttons-is-layout-flex\">\n<div class=\"wp-block-button has-custom-width wp-block-button__width-25 has-custom-font-size is-style-fill\" style=\"font-size:16px\"><a class=\"wp-block-button__link has-tertiary-color has-primary-background-color has-text-color has-background wp-element-button\" href=\"https:\/\/concilians.com\/fr\/contact\/\" style=\"border-radius:500px;padding-top:var(--wp--preset--spacing--40);padding-right:var(--wp--preset--spacing--40);padding-bottom:var(--wp--preset--spacing--40);padding-left:var(--wp--preset--spacing--40)\">Envie de coop\u00e9rer avec nous ?<\/a><\/div>\n<\/div>\n<\/div>\n<\/div>\n<\/div><\/div><\/div>\n\n\n\n<div class=\"wp-block-group alignfull has-white-color has-black-background-color has-text-color has-background\" id=\"welcome\" style=\"padding-top:120px;padding-bottom:90px\"><div class=\"wp-block-group__inner-container is-layout-flow wp-block-group-is-layout-flow\">\n<h2 class=\"wp-block-heading has-text-align-center has-gray-100-color has-text-color has-xxxl-font-size\" style=\"padding-bottom:var(--wp--preset--spacing--20)\">Nos valeurs et notre mission<\/h2>\n\n\n\n<p class=\"has-text-align-center font-weight-300 letter-spacing has-gray-100-color has-text-color has-m-font-size\" style=\"padding-bottom:var(--wp--preset--spacing--50)\">Responsabilit\u00e9, empathie, confiance,<br>honn\u00eatet\u00e9, simplicit\u00e9 et patience.<\/p>\n\n\n<div class=\"alignwide-wrap\" data-block=\"columns\">\n<div class=\"wp-block-columns alignwide\">\n<div class=\"wp-block-column mission-decoration\"><div class=\"wp-block-image\">\n<figure class=\"aligncenter size-full is-resized\"><img loading=\"lazy\" decoding=\"async\" width=\"518\" height=\"576\" src=\"http:\/\/concilians.com\/wp-content\/uploads\/2023\/05\/Group-2-1-1.png\" alt=\"\" class=\"wp-image-233\" style=\"width:300px;height:undefinedpx\" srcset=\"https:\/\/concilians.com\/wp-content\/uploads\/2023\/05\/Group-2-1-1.png 518w, https:\/\/concilians.com\/wp-content\/uploads\/2023\/05\/Group-2-1-1-270x300.png 270w\" sizes=\"auto, (max-width: 518px) 100vw, 518px\" \/><\/figure>\n<\/div>\n\n\n<h2 class=\"wp-block-heading has-gray-100-color has-text-color has-xxl-font-size\">Nous positionnons<br>les personnes au centre<\/h2>\n<\/div>\n<\/div>\n<\/div>\n\n\n<p class=\"has-text-align-center font-weight-300 letter-spacing has-gray-100-color has-text-color\" style=\"padding-top:var(--wp--preset--spacing--70)\">Notre objectif consiste \u00e0 aider les entreprises et les organisations \u00e0 \u00e9voluer vers un nouveau type de gouvernance ax\u00e9e sur la personne<br><br>Nous aidons \u00e0 construire des indicateurs pour des \u201corganisations \u00e0 propos\u201d.<\/p>\n<\/div><\/div>\n\n\n\n<div class=\"wp-block-group alignfull has-gray-100-background-color has-background\" style=\"padding-top:90px;padding-bottom:90px\"><div class=\"wp-block-group__inner-container is-layout-flow wp-block-group-is-layout-flow\"><div class=\"alignwide-wrap\" data-block=\"columns\">\n<div class=\"wp-block-columns alignwide are-vertically-aligned-center is-style-default\">\n<div class=\"wp-block-column is-vertically-aligned-center\" style=\"flex-basis:30%\">\n<hr class=\"wp-block-separator has-text-color has-secondary-color has-alpha-channel-opacity has-secondary-background-color has-background is-style-wide\"\/>\n\n\n\n<h2 class=\"wp-block-heading has-secondary-color has-text-color has-heading-3-font-size\" style=\"padding-top:var(--wp--preset--spacing--30);padding-bottom:var(--wp--preset--spacing--30)\">Avantages de l&rsquo;intervention<br>de COncilians<\/h2>\n\n\n\n<hr class=\"wp-block-separator has-text-color has-secondary-color has-alpha-channel-opacity has-secondary-background-color has-background is-style-wide\"\/>\n<\/div>\n\n\n\n<div class=\"wp-block-column is-vertically-aligned-center has-mobile-mt has-secondary-color has-text-color\" style=\"padding-left:var(--wp--preset--spacing--60);flex-basis:70%\">\n<h2 class=\"wp-block-heading line-height-27 has-xl-font-size\">1. Confidentialit\u00e9<br>2. Impartialit\u00e9<br>3. Flexibilit\u00e9 et contr\u00f4le \u200b<br>4. Respect des accords<br>5. Diminution des co\u00fbts \u200b<br>6. Pr\u00e9servation des rapports<\/h2>\n<\/div>\n<\/div>\n<\/div><\/div><\/div>\n\n\n\n<div class=\"wp-block-group alignfull has-primary-background-color has-background\" style=\"padding-top:90px;padding-bottom:90px\"><div class=\"wp-block-group__inner-container is-layout-flow wp-block-group-is-layout-flow\">\n<h2 class=\"wp-block-heading has-text-align-center is-style-default has-heading-3-font-size\" style=\"padding-bottom:var(--wp--preset--spacing--30)\">Qu&rsquo;est-ce que Concilians?<\/h2>\n\n\n\n<p class=\"has-text-align-center font-weight-300 letter-spacing max-w-500\"><strong>Concilians<\/strong> est un service de gestion des diff\u00e9rends, ax\u00e9 sur les personnes, les entreprises et les organisations.<br><br><strong>Nous sommes experts<\/strong> dans la r\u00e9solution de situations complexes gr\u00e2ce \u00e0 des techniques qui vont de la m\u00e9diation \u00e0 l&rsquo;arbitrage d&rsquo;\u00e9quit\u00e9.<br><br><strong>Conscients<\/strong> de la sp\u00e9cificit\u00e9 de chaque cas, nous proposons une intervention sur mesure, selon les besoins.<\/p>\n<\/div><\/div>\n\n\n\n<div class=\"wp-block-cover alignfull\" style=\"padding-top:120px;padding-bottom:90px;min-height:50vh;aspect-ratio:unset;\"><span aria-hidden=\"true\" class=\"wp-block-cover__background has-background-dim-10 has-background-dim\"><\/span><img loading=\"lazy\" decoding=\"async\" width=\"2000\" height=\"654\" class=\"wp-block-cover__image-background wp-image-276\" alt=\"\" src=\"http:\/\/concilians.com\/wp-content\/uploads\/2023\/05\/IMG_4466-2-1.jpg\" data-object-fit=\"cover\" srcset=\"https:\/\/concilians.com\/wp-content\/uploads\/2023\/05\/IMG_4466-2-1.jpg 2000w, https:\/\/concilians.com\/wp-content\/uploads\/2023\/05\/IMG_4466-2-1-300x98.jpg 300w, https:\/\/concilians.com\/wp-content\/uploads\/2023\/05\/IMG_4466-2-1-1024x335.jpg 1024w, https:\/\/concilians.com\/wp-content\/uploads\/2023\/05\/IMG_4466-2-1-768x251.jpg 768w, https:\/\/concilians.com\/wp-content\/uploads\/2023\/05\/IMG_4466-2-1-1536x502.jpg 1536w\" sizes=\"auto, (max-width: 2000px) 100vw, 2000px\" \/><div class=\"wp-block-cover__inner-container is-layout-flow wp-block-cover-is-layout-flow\"><div class=\"alignwide-wrap\" data-block=\"columns\">\n<div class=\"wp-block-columns alignwide\">\n<div class=\"wp-block-column\">\n<h2 class=\"wp-block-heading has-text-align-left has-gray-100-color has-text-color has-heading-3-font-size\" style=\"padding-bottom:var(--wp--preset--spacing--30)\">Notre mission est<br>la gestion des diff\u00e9rends<br>En les pr\u00e9venant avant qu&rsquo;ils ne surviennent<br>En trouvant des solutions une fois qu&rsquo;ils apparaissent.<\/h2>\n\n\n\n<div class=\"wp-block-buttons has-custom-font-size has-m-font-size is-horizontal is-content-justification-left is-nowrap is-layout-flex wp-container-core-buttons-is-layout-8e8a235c wp-block-buttons-is-layout-flex\">\n<div class=\"wp-block-button has-custom-width wp-block-button__width-25 has-custom-font-size is-style-fill\" style=\"font-size:16px\"><a class=\"wp-block-button__link has-tertiary-color has-gray-100-background-color has-text-color has-background has-text-align-left wp-element-button\" href=\"https:\/\/concilians.com\/fr\/philosophie\/\" style=\"border-radius:500px;padding-top:var(--wp--preset--spacing--40);padding-right:var(--wp--preset--spacing--40);padding-bottom:var(--wp--preset--spacing--40);padding-left:var(--wp--preset--spacing--40)\">Notre philosophie<\/a><\/div>\n<\/div>\n<\/div>\n<\/div>\n<\/div><\/div><\/div>\n\n\n\n<div class=\"wp-block-group alignfull has-secondary-background-color has-background\" style=\"padding-top:90px;padding-bottom:90px\"><div class=\"wp-block-group__inner-container is-layout-constrained wp-block-group-is-layout-constrained\"><div class=\"alignwide-wrap\" data-block=\"columns\">\n<div class=\"wp-block-columns alignwide\">\n<div class=\"wp-block-column\">\n<h2 class=\"wp-block-heading\">Veux-tu,<br>toi aussi, faire CO?<br>COoperons ensemble!<\/h2>\n<\/div>\n\n\n\n<div class=\"wp-block-column\">\n<p class=\"font-weight-300 letter-spacing max-w-500\">Une proposition qui prend de l\u2019ampleur et o\u00f9 nous ne sommes pas les seuls \u00e0 avoir de la place.<br>Nous misons sur le talent et sur de nouveaux agents de m\u00e9diation et de conciliation qui peuvent \u00eatre ajout\u00e9s \u00e0 chaque projet.<\/p>\n\n\n\n<div style=\"height:27px\" aria-hidden=\"true\" class=\"wp-block-spacer\"><\/div>\n\n\n\n<div class=\"wp-block-buttons has-custom-font-size has-m-font-size is-horizontal is-content-justification-left is-nowrap is-layout-flex wp-container-core-buttons-is-layout-8e8a235c wp-block-buttons-is-layout-flex\">\n<div class=\"wp-block-button has-custom-width wp-block-button__width-50 has-custom-font-size is-style-fill\" style=\"font-size:16px\"><a class=\"wp-block-button__link has-tertiary-color has-gray-100-background-color has-text-color has-background has-text-align-center wp-element-button\" href=\"https:\/\/concilians.com\/fr\/contact\/\" style=\"border-radius:500px;padding-top:var(--wp--preset--spacing--40);padding-right:var(--wp--preset--spacing--40);padding-bottom:var(--wp--preset--spacing--40);padding-left:var(--wp--preset--spacing--40)\">Contactez-nous<\/a><\/div>\n<\/div>\n<\/div>\n<\/div>\n<\/div><\/div><\/div>\n","protected":false},"excerpt":{"rendered":"<div class=\"entry-summary\">\nNos valeurs et notre mission Responsabilit\u00e9, empathie, confiance,honn\u00eatet\u00e9, simplicit\u00e9 et patience. Nous positionnonsles personnes au centre Notre objectif consiste \u00e0 aider les entreprises et les organisations \u00e0 \u00e9voluer vers un nouveau type&hellip;\n<\/div>\n<div class=\"link-more-container\"><a href=\"https:\/\/concilians.com\/fr\/valeurs-et-mission\/\" class=\"link-more button\" aria-label=\"Continue reading Valeurs et mission\">Continue reading&hellip;<\/a><\/div>\n","protected":false},"author":1,"featured_media":0,"parent":0,"menu_order":10,"comment_status":"closed","ping_status":"closed","template":"","meta":{"footnotes":""},"class_list":["post-1398","page","type-page","status-publish","hentry","entry","entry-type-page"],"yoast_head":"<!-- This site is optimized with the Yoast SEO plugin v21.2 - https:\/\/yoast.com\/wordpress\/plugins\/seo\/ -->\n<title>Valeurs et mission - Concilians<\/title>\n<meta name=\"robots\" content=\"index, follow, max-snippet:-1, max-image-preview:large, max-video-preview:-1\" \/>\n<link rel=\"canonical\" href=\"https:\/\/concilians.com\/fr\/valeurs-et-mission\/\" \/>\n<meta property=\"og:locale\" content=\"fr_FR\" \/>\n<meta property=\"og:type\" content=\"article\" \/>\n<meta property=\"og:title\" content=\"Valeurs et mission - Concilians\" \/>\n<meta property=\"og:description\" content=\"Nos valeurs et notre mission Responsabilit\u00e9, empathie, confiance,honn\u00eatet\u00e9, simplicit\u00e9 et patience. Nous positionnonsles personnes au centre Notre objectif consiste \u00e0 aider les entreprises et les organisations \u00e0 \u00e9voluer vers un nouveau type&hellip; Continue reading&hellip;\" \/>\n<meta property=\"og:url\" content=\"https:\/\/concilians.com\/fr\/valeurs-et-mission\/\" \/>\n<meta property=\"og:site_name\" content=\"Concilians\" \/>\n<meta property=\"article:modified_time\" content=\"2024-11-13T13:03:48+00:00\" \/>\n<meta property=\"og:image\" content=\"https:\/\/concilians.com\/wp-content\/uploads\/2024\/10\/bambis-1.jpg\" \/>\n<meta name=\"twitter:card\" content=\"summary_large_image\" \/>\n<meta name=\"twitter:label1\" content=\"Dur\u00e9e de lecture estim\u00e9e\" \/>\n\t<meta name=\"twitter:data1\" content=\"2 minutes\" \/>\n<script type=\"application\/ld+json\" class=\"yoast-schema-graph\">{\"@context\":\"https:\/\/schema.org\",\"@graph\":[{\"@type\":\"WebPage\",\"@id\":\"https:\/\/concilians.com\/fr\/valeurs-et-mission\/\",\"url\":\"https:\/\/concilians.com\/fr\/valeurs-et-mission\/\",\"name\":\"Valeurs et mission - Concilians\",\"isPartOf\":{\"@id\":\"https:\/\/concilians.com\/fr\/#website\"},\"datePublished\":\"2023-05-24T15:16:32+00:00\",\"dateModified\":\"2024-11-13T13:03:48+00:00\",\"breadcrumb\":{\"@id\":\"https:\/\/concilians.com\/fr\/valeurs-et-mission\/#breadcrumb\"},\"inLanguage\":\"fr-FR\",\"potentialAction\":[{\"@type\":\"ReadAction\",\"target\":[\"https:\/\/concilians.com\/fr\/valeurs-et-mission\/\"]}]},{\"@type\":\"BreadcrumbList\",\"@id\":\"https:\/\/concilians.com\/fr\/valeurs-et-mission\/#breadcrumb\",\"itemListElement\":[{\"@type\":\"ListItem\",\"position\":1,\"name\":\"Inici\",\"item\":\"https:\/\/concilians.com\/fr\/\"},{\"@type\":\"ListItem\",\"position\":2,\"name\":\"Valeurs et mission\"}]},{\"@type\":\"WebSite\",\"@id\":\"https:\/\/concilians.com\/fr\/#website\",\"url\":\"https:\/\/concilians.com\/fr\/\",\"name\":\"Concilians\",\"description\":\"\",\"publisher\":{\"@id\":\"https:\/\/concilians.com\/fr\/#organization\"},\"potentialAction\":[{\"@type\":\"SearchAction\",\"target\":{\"@type\":\"EntryPoint\",\"urlTemplate\":\"https:\/\/concilians.com\/fr\/?s={search_term_string}\"},\"query-input\":\"required name=search_term_string\"}],\"inLanguage\":\"fr-FR\"},{\"@type\":\"Organization\",\"@id\":\"https:\/\/concilians.com\/fr\/#organization\",\"name\":\"Concilians\",\"url\":\"https:\/\/concilians.com\/fr\/\",\"logo\":{\"@type\":\"ImageObject\",\"inLanguage\":\"fr-FR\",\"@id\":\"https:\/\/concilians.com\/fr\/#\/schema\/logo\/image\/\",\"url\":\"https:\/\/concilians.com\/wp-content\/uploads\/2023\/05\/Group-2.png\",\"contentUrl\":\"https:\/\/concilians.com\/wp-content\/uploads\/2023\/05\/Group-2.png\",\"width\":484,\"height\":86,\"caption\":\"Concilians\"},\"image\":{\"@id\":\"https:\/\/concilians.com\/fr\/#\/schema\/logo\/image\/\"}}]}<\/script>\n<!-- \/ Yoast SEO plugin. -->","yoast_head_json":{"title":"Valeurs et mission - Concilians","robots":{"index":"index","follow":"follow","max-snippet":"max-snippet:-1","max-image-preview":"max-image-preview:large","max-video-preview":"max-video-preview:-1"},"canonical":"https:\/\/concilians.com\/fr\/valeurs-et-mission\/","og_locale":"fr_FR","og_type":"article","og_title":"Valeurs et mission - Concilians","og_description":"Nos valeurs et notre mission Responsabilit\u00e9, empathie, confiance,honn\u00eatet\u00e9, simplicit\u00e9 et patience. Nous positionnonsles personnes au centre Notre objectif consiste \u00e0 aider les entreprises et les organisations \u00e0 \u00e9voluer vers un nouveau type&hellip; Continue reading&hellip;","og_url":"https:\/\/concilians.com\/fr\/valeurs-et-mission\/","og_site_name":"Concilians","article_modified_time":"2024-11-13T13:03:48+00:00","og_image":[{"url":"https:\/\/concilians.com\/wp-content\/uploads\/2024\/10\/bambis-1.jpg"}],"twitter_card":"summary_large_image","twitter_misc":{"Dur\u00e9e de lecture estim\u00e9e":"2 minutes"},"schema":{"@context":"https:\/\/schema.org","@graph":[{"@type":"WebPage","@id":"https:\/\/concilians.com\/fr\/valeurs-et-mission\/","url":"https:\/\/concilians.com\/fr\/valeurs-et-mission\/","name":"Valeurs et mission - Concilians","isPartOf":{"@id":"https:\/\/concilians.com\/fr\/#website"},"datePublished":"2023-05-24T15:16:32+00:00","dateModified":"2024-11-13T13:03:48+00:00","breadcrumb":{"@id":"https:\/\/concilians.com\/fr\/valeurs-et-mission\/#breadcrumb"},"inLanguage":"fr-FR","potentialAction":[{"@type":"ReadAction","target":["https:\/\/concilians.com\/fr\/valeurs-et-mission\/"]}]},{"@type":"BreadcrumbList","@id":"https:\/\/concilians.com\/fr\/valeurs-et-mission\/#breadcrumb","itemListElement":[{"@type":"ListItem","position":1,"name":"Inici","item":"https:\/\/concilians.com\/fr\/"},{"@type":"ListItem","position":2,"name":"Valeurs et mission"}]},{"@type":"WebSite","@id":"https:\/\/concilians.com\/fr\/#website","url":"https:\/\/concilians.com\/fr\/","name":"Concilians","description":"","publisher":{"@id":"https:\/\/concilians.com\/fr\/#organization"},"potentialAction":[{"@type":"SearchAction","target":{"@type":"EntryPoint","urlTemplate":"https:\/\/concilians.com\/fr\/?s={search_term_string}"},"query-input":"required name=search_term_string"}],"inLanguage":"fr-FR"},{"@type":"Organization","@id":"https:\/\/concilians.com\/fr\/#organization","name":"Concilians","url":"https:\/\/concilians.com\/fr\/","logo":{"@type":"ImageObject","inLanguage":"fr-FR","@id":"https:\/\/concilians.com\/fr\/#\/schema\/logo\/image\/","url":"https:\/\/concilians.com\/wp-content\/uploads\/2023\/05\/Group-2.png","contentUrl":"https:\/\/concilians.com\/wp-content\/uploads\/2023\/05\/Group-2.png","width":484,"height":86,"caption":"Concilians"},"image":{"@id":"https:\/\/concilians.com\/fr\/#\/schema\/logo\/image\/"}}]}},"_links":{"self":[{"href":"https:\/\/concilians.com\/fr\/wp-json\/wp\/v2\/pages\/1398","targetHints":{"allow":["GET"]}}],"collection":[{"href":"https:\/\/concilians.com\/fr\/wp-json\/wp\/v2\/pages"}],"about":[{"href":"https:\/\/concilians.com\/fr\/wp-json\/wp\/v2\/types\/page"}],"author":[{"embeddable":true,"href":"https:\/\/concilians.com\/fr\/wp-json\/wp\/v2\/users\/1"}],"replies":[{"embeddable":true,"href":"https:\/\/concilians.com\/fr\/wp-json\/wp\/v2\/comments?post=1398"}],"version-history":[{"count":30,"href":"https:\/\/concilians.com\/fr\/wp-json\/wp\/v2\/pages\/1398\/revisions"}],"predecessor-version":[{"id":2005,"href":"https:\/\/concilians.com\/fr\/wp-json\/wp\/v2\/pages\/1398\/revisions\/2005"}],"wp:attachment":[{"href":"https:\/\/concilians.com\/fr\/wp-json\/wp\/v2\/media?parent=1398"}],"curies":[{"name":"wp","href":"https:\/\/api.w.org\/{rel}","templated":true}]}}