{"id":1394,"date":"2023-04-19T10:47:38","date_gmt":"2023-04-19T10:47:38","guid":{"rendered":"https:\/\/concilians.com\/presentation\/"},"modified":"2024-11-13T13:04:41","modified_gmt":"2024-11-13T13:04:41","slug":"presentation","status":"publish","type":"page","link":"https:\/\/concilians.com\/fr\/","title":{"rendered":"Presentation"},"content":{"rendered":"\n<div class=\"wp-block-cover alignfull is-style-default\" style=\"padding-top:120px;padding-bottom:90px;min-height:100vh;aspect-ratio:unset;\"><span aria-hidden=\"true\" class=\"wp-block-cover__background has-background-dim-20 has-background-dim\"><\/span><img loading=\"lazy\" decoding=\"async\" width=\"1440\" height=\"899\" class=\"wp-block-cover__image-background wp-image-40\" alt=\"\" src=\"http:\/\/concilians.com\/wp-content\/uploads\/2023\/05\/IMG_4466.jpg\" data-object-fit=\"cover\" srcset=\"https:\/\/concilians.com\/wp-content\/uploads\/2023\/05\/IMG_4466.jpg 1440w, https:\/\/concilians.com\/wp-content\/uploads\/2023\/05\/IMG_4466-300x187.jpg 300w, https:\/\/concilians.com\/wp-content\/uploads\/2023\/05\/IMG_4466-1024x639.jpg 1024w, https:\/\/concilians.com\/wp-content\/uploads\/2023\/05\/IMG_4466-768x479.jpg 768w\" sizes=\"auto, (max-width: 1440px) 100vw, 1440px\" \/><div class=\"wp-block-cover__inner-container is-layout-flow wp-block-cover-is-layout-flow\"><div class=\"alignwide-wrap\" data-block=\"columns\">\n<div class=\"wp-block-columns alignwide\">\n<div class=\"wp-block-column is-vertically-aligned-center is-style-default\" style=\"padding-top:0;padding-right:0;padding-bottom:0;padding-left:0;flex-basis:100%\">\n<h1 class=\"wp-block-heading init-sentence has-primary-color has-text-color has-heading-2-font-size\">\u00c9couter, dialoguer,<br>donner des moyens,<br>transformer &amp;<br>cr\u00e9er des opportunit\u00e9s.<\/h1>\n\n\n\n<p class=\"max-w-500 font-weight-300 letter-spacing has-gray-100-color has-text-color has-m-font-size\" style=\"padding-top:var(--wp--preset--spacing--30);padding-bottom:var(--wp--preset--spacing--20)\">Concilians est un service de gestion des diff\u00e9rends, ax\u00e9 sur les personnes, les entreprises et les organisations.<\/p>\n\n\n\n<div class=\"wp-block-buttons is-layout-flex wp-block-buttons-is-layout-flex\">\n<div class=\"wp-block-button has-custom-width wp-block-button__width-25 has-custom-font-size is-style-fill\" style=\"font-size:16px\"><a class=\"wp-block-button__link has-tertiary-color has-primary-background-color has-text-color has-background wp-element-button\" href=\"https:\/\/concilians.com\/fr\/sur-nous\/\" style=\"border-radius:500px;padding-top:var(--wp--preset--spacing--40);padding-right:var(--wp--preset--spacing--40);padding-bottom:var(--wp--preset--spacing--40);padding-left:var(--wp--preset--spacing--40)\">En d\u00e9couvrir plus<\/a><\/div>\n<\/div>\n<\/div>\n<\/div>\n<\/div><\/div><\/div>\n\n\n\n<div class=\"wp-block-group alignfull has-white-color has-black-background-color has-text-color has-background\" id=\"welcome\" style=\"padding-top:120px;padding-bottom:90px\"><div class=\"wp-block-group__inner-container is-layout-flow wp-block-group-is-layout-flow\">\n<h2 class=\"wp-block-heading has-text-align-center mobile-32-fs has-gray-100-color has-text-color has-xxxl-font-size\" style=\"padding-bottom:var(--wp--preset--spacing--30)\">Bienvenue \u00e0 Concilians<\/h2>\n\n\n\n<p class=\"has-text-align-center font-weight-300 letter-spacing has-gray-100-color has-text-color has-m-font-size\">Concilians est un service de gestion des diff\u00e9rends, ax\u00e9 sur les personnes, les entreprises et les organisations.<\/p>\n\n\n<div class=\"alignwide-wrap\" data-block=\"columns\">\n<div class=\"wp-block-columns alignwide are-vertically-aligned-center is-style-default home-welcome-blocks\" style=\"padding-top:var(--wp--preset--spacing--60);padding-right:0;padding-bottom:var(--wp--preset--spacing--30);padding-left:0\">\n<div class=\"wp-block-column is-vertically-aligned-center home-welcome-block\">\n<hr class=\"wp-block-separator has-text-color has-primary-color has-alpha-channel-opacity has-primary-background-color has-background is-style-wide\"\/>\n\n\n\n<div class=\"wp-block-group height-300 flex-justify-center\"><div class=\"wp-block-group__inner-container is-layout-constrained wp-block-group-is-layout-constrained\">\n<h2 class=\"wp-block-heading has-text-align-center has-primary-color has-text-color has-heading-3-font-size\" style=\"padding-top:2rem;padding-right:0;padding-bottom:2rem;padding-left:0\">Mission &amp;<br>Valeurs<\/h2>\n<\/div><\/div>\n\n\n\n<hr class=\"wp-block-separator has-text-color has-primary-color has-alpha-channel-opacity has-primary-background-color has-background is-style-wide\"\/>\n\n\n\n<div style=\"height:100px\" aria-hidden=\"true\" class=\"wp-block-spacer\"><\/div>\n\n\n\n<div class=\"wp-block-buttons has-custom-font-size has-m-font-size is-horizontal is-content-justification-center is-nowrap is-layout-flex wp-container-core-buttons-is-layout-fc65f29c wp-block-buttons-is-layout-flex\">\n<div class=\"wp-block-button has-custom-width wp-block-button__width-75 has-custom-font-size is-style-fill\" style=\"font-size:16px\"><a class=\"wp-block-button__link has-tertiary-color has-primary-background-color has-text-color has-background has-text-align-center wp-element-button\" href=\"https:\/\/concilians.com\/fr\/valeurs-et-mission\/\" style=\"border-radius:500px;padding-top:var(--wp--preset--spacing--40);padding-right:var(--wp--preset--spacing--40);padding-bottom:var(--wp--preset--spacing--40);padding-left:var(--wp--preset--spacing--40)\">En d\u00e9couvrir plus<\/a><\/div>\n<\/div>\n<\/div>\n\n\n\n<div class=\"wp-block-column is-vertically-aligned-center home-welcome-block\">\n<hr class=\"wp-block-separator has-text-color has-primary-color has-alpha-channel-opacity has-primary-background-color has-background is-style-wide\"\/>\n\n\n\n<div class=\"wp-block-group height-300 flex-justify-center\"><div class=\"wp-block-group__inner-container is-layout-constrained wp-block-group-is-layout-constrained\">\n<h2 class=\"wp-block-heading has-text-align-center has-primary-color has-text-color has-heading-3-font-size\" style=\"padding-top:2rem;padding-right:0;padding-bottom:2rem;padding-left:0\">Philosophie<\/h2>\n<\/div><\/div>\n\n\n\n<hr class=\"wp-block-separator has-text-color has-primary-color has-alpha-channel-opacity has-primary-background-color has-background is-style-wide\"\/>\n\n\n\n<div style=\"height:100px\" aria-hidden=\"true\" class=\"wp-block-spacer\"><\/div>\n\n\n\n<div class=\"wp-block-buttons has-custom-font-size has-m-font-size is-horizontal is-content-justification-center is-nowrap is-layout-flex wp-container-core-buttons-is-layout-fc65f29c wp-block-buttons-is-layout-flex\">\n<div class=\"wp-block-button has-custom-width wp-block-button__width-75 has-custom-font-size is-style-fill\" style=\"font-size:16px\"><a class=\"wp-block-button__link has-tertiary-color has-primary-background-color has-text-color has-background has-text-align-center wp-element-button\" href=\"https:\/\/concilians.com\/fr\/philosophie\/\" style=\"border-radius:500px;padding-top:var(--wp--preset--spacing--40);padding-right:var(--wp--preset--spacing--40);padding-bottom:var(--wp--preset--spacing--40);padding-left:var(--wp--preset--spacing--40)\">En d\u00e9couvrir plus<\/a><\/div>\n<\/div>\n<\/div>\n\n\n\n<div class=\"wp-block-column is-vertically-aligned-center home-welcome-block\">\n<hr class=\"wp-block-separator has-text-color has-primary-color has-alpha-channel-opacity has-primary-background-color has-background is-style-wide\"\/>\n\n\n\n<div class=\"wp-block-group height-300 flex-justify-center\"><div class=\"wp-block-group__inner-container is-layout-constrained wp-block-group-is-layout-constrained\">\n<h2 class=\"wp-block-heading has-text-align-center has-primary-color has-text-color has-heading-3-font-size\" style=\"padding-top:2rem;padding-right:0;padding-bottom:2rem;padding-left:0\">Propositions<\/h2>\n<\/div><\/div>\n\n\n\n<hr class=\"wp-block-separator has-text-color has-primary-color has-alpha-channel-opacity has-primary-background-color has-background is-style-wide\"\/>\n\n\n\n<div style=\"height:100px\" aria-hidden=\"true\" class=\"wp-block-spacer\"><\/div>\n\n\n\n<div class=\"wp-block-buttons has-custom-font-size has-m-font-size is-horizontal is-content-justification-center is-nowrap is-layout-flex wp-container-core-buttons-is-layout-fc65f29c wp-block-buttons-is-layout-flex\">\n<div class=\"wp-block-button has-custom-width wp-block-button__width-75 has-custom-font-size is-style-fill\" style=\"font-size:16px\"><a class=\"wp-block-button__link has-tertiary-color has-primary-background-color has-text-color has-background has-text-align-center wp-element-button\" href=\"https:\/\/concilians.com\/fr\/propositions\/\" style=\"border-radius:500px;padding-top:var(--wp--preset--spacing--40);padding-right:var(--wp--preset--spacing--40);padding-bottom:var(--wp--preset--spacing--40);padding-left:var(--wp--preset--spacing--40)\">En d\u00e9couvrir plus<\/a><\/div>\n<\/div>\n<\/div>\n<\/div>\n<\/div><\/div><\/div>\n\n\n\n<div class=\"wp-block-group alignfull has-primary-background-color has-background\" style=\"padding-top:90px;padding-bottom:90px\"><div class=\"wp-block-group__inner-container is-layout-flow wp-block-group-is-layout-flow\">\n<h2 class=\"wp-block-heading has-text-align-center is-style-default has-heading-3-font-size\" style=\"padding-bottom:var(--wp--preset--spacing--30)\">Comment faisons-nous?<\/h2>\n\n\n\n<p class=\"has-text-align-center font-weight-300 letter-spacing\" style=\"padding-bottom:var(--wp--preset--spacing--20)\">Nous sommes experts dans la r\u00e9solution de situations complexes gr\u00e2ce \u00e0 des techniques qui vont de la m\u00e9diation \u00e0 l\u2019arbitrage en \u00e9quit\u00e9. Conscients de la sp\u00e9cificit\u00e9 de chaque cas, nous proposons une intervention sur mesure, selon les besoins.<\/p>\n\n\n\n<div class=\"wp-block-buttons is-content-justification-center is-layout-flex wp-container-core-buttons-is-layout-16018d1d wp-block-buttons-is-layout-flex\">\n<div class=\"wp-block-button has-custom-width wp-block-button__width-75 has-custom-font-size is-style-fill\" style=\"font-size:16px\"><a class=\"wp-block-button__link has-primary-color has-tertiary-background-color has-text-color has-background wp-element-button\" href=\"https:\/\/concilians.com\/fr\/philosophie\/\" style=\"border-radius:500px;padding-top:var(--wp--preset--spacing--40);padding-right:var(--wp--preset--spacing--40);padding-bottom:var(--wp--preset--spacing--40);padding-left:var(--wp--preset--spacing--40)\">D\u00e9couvrez notre philosophie<\/a><\/div>\n<\/div>\n<\/div><\/div>\n\n\n\n<div class=\"wp-block-cover alignfull\" style=\"padding-top:90px;padding-bottom:90px;min-height:50vh;aspect-ratio:unset;\"><span aria-hidden=\"true\" class=\"wp-block-cover__background has-background-dim-10 has-background-dim\"><\/span><img loading=\"lazy\" decoding=\"async\" width=\"2000\" height=\"656\" class=\"wp-block-cover__image-background wp-image-168\" alt=\"\" src=\"http:\/\/concilians.com\/wp-content\/uploads\/2023\/05\/IMG_4466-2.jpg\" data-object-fit=\"cover\" srcset=\"https:\/\/concilians.com\/wp-content\/uploads\/2023\/05\/IMG_4466-2.jpg 2000w, https:\/\/concilians.com\/wp-content\/uploads\/2023\/05\/IMG_4466-2-300x98.jpg 300w, https:\/\/concilians.com\/wp-content\/uploads\/2023\/05\/IMG_4466-2-1024x336.jpg 1024w, https:\/\/concilians.com\/wp-content\/uploads\/2023\/05\/IMG_4466-2-768x252.jpg 768w, https:\/\/concilians.com\/wp-content\/uploads\/2023\/05\/IMG_4466-2-1536x504.jpg 1536w\" sizes=\"auto, (max-width: 2000px) 100vw, 2000px\" \/><div class=\"wp-block-cover__inner-container is-layout-flow wp-block-cover-is-layout-flow\">\n<div class=\"wp-block-columns\">\n<div class=\"wp-block-column\">\n<h2 class=\"wp-block-heading has-text-align-center has-gray-100-color has-text-color has-heading-3-font-size\" style=\"padding-bottom:var(--wp--preset--spacing--30)\">Notre mission<br>est la gestion<br>de diff\u00e9rends et de conflits<\/h2>\n\n\n\n<div class=\"wp-block-buttons has-custom-font-size has-m-font-size is-horizontal is-content-justification-center is-nowrap is-layout-flex wp-container-core-buttons-is-layout-fc65f29c wp-block-buttons-is-layout-flex\">\n<div class=\"wp-block-button has-custom-width wp-block-button__width-50 has-custom-font-size is-style-fill\" style=\"font-size:16px\"><a class=\"wp-block-button__link has-tertiary-color has-gray-100-background-color has-text-color has-background has-text-align-center wp-element-button\" href=\"https:\/\/concilians.com\/fr\/philosophie\/\" style=\"border-radius:500px;padding-top:var(--wp--preset--spacing--40);padding-right:var(--wp--preset--spacing--40);padding-bottom:var(--wp--preset--spacing--40);padding-left:var(--wp--preset--spacing--40)\">Notre philosophie<\/a><\/div>\n<\/div>\n<\/div>\n<\/div>\n<\/div><\/div>\n\n\n\n<div class=\"wp-block-group alignfull has-secondary-background-color has-background\" style=\"padding-top:90px;padding-bottom:90px\"><div class=\"wp-block-group__inner-container is-layout-constrained wp-block-group-is-layout-constrained\"><div class=\"alignwide-wrap\" data-block=\"columns\">\n<div class=\"wp-block-columns alignwide\">\n<div class=\"wp-block-column\">\n<h2 class=\"wp-block-heading\">Veux-tu,<br>toi aussi, faire CO?<br>COoperons ensemble!<\/h2>\n<\/div>\n\n\n\n<div class=\"wp-block-column\">\n<p class=\"font-weight-300 letter-spacing max-w-500\">Une proposition qui prend de l\u2019ampleur et o\u00f9 nous ne sommes pas les seuls \u00e0 avoir de la place.<br>Nous misons sur le talent et sur de nouveaux agents de m\u00e9diation et de conciliation qui peuvent \u00eatre ajout\u00e9s \u00e0 chaque projet.<\/p>\n\n\n\n<div class=\"wp-block-buttons has-custom-font-size has-m-font-size is-horizontal is-content-justification-left is-nowrap is-layout-flex wp-container-core-buttons-is-layout-8e8a235c wp-block-buttons-is-layout-flex\">\n<div class=\"wp-block-button has-custom-width wp-block-button__width-50 has-custom-font-size is-style-fill\" style=\"font-size:16px\"><a class=\"wp-block-button__link has-tertiary-color has-gray-100-background-color has-text-color has-background has-text-align-center wp-element-button\" href=\"https:\/\/concilians.com\/fr\/contact\/\" style=\"border-radius:500px;padding-top:var(--wp--preset--spacing--40);padding-right:var(--wp--preset--spacing--40);padding-bottom:var(--wp--preset--spacing--40);padding-left:var(--wp--preset--spacing--40)\">Contactez-nous<\/a><\/div>\n<\/div>\n<\/div>\n<\/div>\n<\/div><\/div><\/div>\n","protected":false},"excerpt":{"rendered":"<div class=\"entry-summary\">\nBienvenue \u00e0 Concilians Concilians est un service de gestion des diff\u00e9rends, ax\u00e9 sur les personnes, les entreprises et les organisations. Mission &amp;Valeurs Philosophie Propositions Comment faisons-nous? Nous sommes experts dans la r\u00e9solution&hellip;\n<\/div>\n<div class=\"link-more-container\"><a href=\"https:\/\/concilians.com\/fr\/\" class=\"link-more button\" aria-label=\"Continue reading Presentation\">Continue reading&hellip;<\/a><\/div>\n","protected":false},"author":1,"featured_media":0,"parent":0,"menu_order":3,"comment_status":"closed","ping_status":"closed","template":"templates\/no-intro.php","meta":{"footnotes":""},"class_list":["post-1394","page","type-page","status-publish","hentry","entry","entry-type-page"],"yoast_head":"<!-- This site is optimized with the Yoast SEO plugin v21.2 - https:\/\/yoast.com\/wordpress\/plugins\/seo\/ -->\n<title>Presentation - Concilians<\/title>\n<meta name=\"robots\" content=\"index, follow, max-snippet:-1, max-image-preview:large, max-video-preview:-1\" \/>\n<link rel=\"canonical\" href=\"https:\/\/concilians.com\/fr\/\" \/>\n<meta property=\"og:locale\" content=\"fr_FR\" \/>\n<meta property=\"og:type\" content=\"article\" \/>\n<meta property=\"og:title\" content=\"Presentation - Concilians\" \/>\n<meta property=\"og:description\" content=\"Bienvenue \u00e0 Concilians Concilians est un service de gestion des diff\u00e9rends, ax\u00e9 sur les personnes, les entreprises et les organisations. Mission &amp;Valeurs Philosophie Propositions Comment faisons-nous? Nous sommes experts dans la r\u00e9solution&hellip; Continue reading&hellip;\" \/>\n<meta property=\"og:url\" content=\"https:\/\/concilians.com\/fr\/\" \/>\n<meta property=\"og:site_name\" content=\"Concilians\" \/>\n<meta property=\"article:modified_time\" content=\"2024-11-13T13:04:41+00:00\" \/>\n<meta property=\"og:image\" content=\"http:\/\/concilians.com\/wp-content\/uploads\/2023\/05\/IMG_4466.jpg\" \/>\n<meta name=\"twitter:card\" content=\"summary_large_image\" \/>\n<meta name=\"twitter:label1\" content=\"Dur\u00e9e de lecture estim\u00e9e\" \/>\n\t<meta name=\"twitter:data1\" content=\"2 minutes\" \/>\n<script type=\"application\/ld+json\" class=\"yoast-schema-graph\">{\"@context\":\"https:\/\/schema.org\",\"@graph\":[{\"@type\":\"WebPage\",\"@id\":\"https:\/\/concilians.com\/fr\/\",\"url\":\"https:\/\/concilians.com\/fr\/\",\"name\":\"Presentation - Concilians\",\"isPartOf\":{\"@id\":\"https:\/\/concilians.com\/fr\/#website\"},\"datePublished\":\"2023-04-19T10:47:38+00:00\",\"dateModified\":\"2024-11-13T13:04:41+00:00\",\"breadcrumb\":{\"@id\":\"https:\/\/concilians.com\/fr\/#breadcrumb\"},\"inLanguage\":\"fr-FR\",\"potentialAction\":[{\"@type\":\"ReadAction\",\"target\":[\"https:\/\/concilians.com\/fr\/\"]}]},{\"@type\":\"BreadcrumbList\",\"@id\":\"https:\/\/concilians.com\/fr\/#breadcrumb\",\"itemListElement\":[{\"@type\":\"ListItem\",\"position\":1,\"name\":\"Inici\",\"item\":\"https:\/\/concilians.com\/fr\/\"},{\"@type\":\"ListItem\",\"position\":2,\"name\":\"Presentation\"}]},{\"@type\":\"WebSite\",\"@id\":\"https:\/\/concilians.com\/fr\/#website\",\"url\":\"https:\/\/concilians.com\/fr\/\",\"name\":\"Concilians\",\"description\":\"\",\"publisher\":{\"@id\":\"https:\/\/concilians.com\/fr\/#organization\"},\"potentialAction\":[{\"@type\":\"SearchAction\",\"target\":{\"@type\":\"EntryPoint\",\"urlTemplate\":\"https:\/\/concilians.com\/fr\/?s={search_term_string}\"},\"query-input\":\"required name=search_term_string\"}],\"inLanguage\":\"fr-FR\"},{\"@type\":\"Organization\",\"@id\":\"https:\/\/concilians.com\/fr\/#organization\",\"name\":\"Concilians\",\"url\":\"https:\/\/concilians.com\/fr\/\",\"logo\":{\"@type\":\"ImageObject\",\"inLanguage\":\"fr-FR\",\"@id\":\"https:\/\/concilians.com\/fr\/#\/schema\/logo\/image\/\",\"url\":\"https:\/\/concilians.com\/wp-content\/uploads\/2023\/05\/Group-2.png\",\"contentUrl\":\"https:\/\/concilians.com\/wp-content\/uploads\/2023\/05\/Group-2.png\",\"width\":484,\"height\":86,\"caption\":\"Concilians\"},\"image\":{\"@id\":\"https:\/\/concilians.com\/fr\/#\/schema\/logo\/image\/\"}}]}<\/script>\n<!-- \/ Yoast SEO plugin. -->","yoast_head_json":{"title":"Presentation - Concilians","robots":{"index":"index","follow":"follow","max-snippet":"max-snippet:-1","max-image-preview":"max-image-preview:large","max-video-preview":"max-video-preview:-1"},"canonical":"https:\/\/concilians.com\/fr\/","og_locale":"fr_FR","og_type":"article","og_title":"Presentation - Concilians","og_description":"Bienvenue \u00e0 Concilians Concilians est un service de gestion des diff\u00e9rends, ax\u00e9 sur les personnes, les entreprises et les organisations. Mission &amp;Valeurs Philosophie Propositions Comment faisons-nous? Nous sommes experts dans la r\u00e9solution&hellip; Continue reading&hellip;","og_url":"https:\/\/concilians.com\/fr\/","og_site_name":"Concilians","article_modified_time":"2024-11-13T13:04:41+00:00","og_image":[{"url":"http:\/\/concilians.com\/wp-content\/uploads\/2023\/05\/IMG_4466.jpg"}],"twitter_card":"summary_large_image","twitter_misc":{"Dur\u00e9e de lecture estim\u00e9e":"2 minutes"},"schema":{"@context":"https:\/\/schema.org","@graph":[{"@type":"WebPage","@id":"https:\/\/concilians.com\/fr\/","url":"https:\/\/concilians.com\/fr\/","name":"Presentation - Concilians","isPartOf":{"@id":"https:\/\/concilians.com\/fr\/#website"},"datePublished":"2023-04-19T10:47:38+00:00","dateModified":"2024-11-13T13:04:41+00:00","breadcrumb":{"@id":"https:\/\/concilians.com\/fr\/#breadcrumb"},"inLanguage":"fr-FR","potentialAction":[{"@type":"ReadAction","target":["https:\/\/concilians.com\/fr\/"]}]},{"@type":"BreadcrumbList","@id":"https:\/\/concilians.com\/fr\/#breadcrumb","itemListElement":[{"@type":"ListItem","position":1,"name":"Inici","item":"https:\/\/concilians.com\/fr\/"},{"@type":"ListItem","position":2,"name":"Presentation"}]},{"@type":"WebSite","@id":"https:\/\/concilians.com\/fr\/#website","url":"https:\/\/concilians.com\/fr\/","name":"Concilians","description":"","publisher":{"@id":"https:\/\/concilians.com\/fr\/#organization"},"potentialAction":[{"@type":"SearchAction","target":{"@type":"EntryPoint","urlTemplate":"https:\/\/concilians.com\/fr\/?s={search_term_string}"},"query-input":"required name=search_term_string"}],"inLanguage":"fr-FR"},{"@type":"Organization","@id":"https:\/\/concilians.com\/fr\/#organization","name":"Concilians","url":"https:\/\/concilians.com\/fr\/","logo":{"@type":"ImageObject","inLanguage":"fr-FR","@id":"https:\/\/concilians.com\/fr\/#\/schema\/logo\/image\/","url":"https:\/\/concilians.com\/wp-content\/uploads\/2023\/05\/Group-2.png","contentUrl":"https:\/\/concilians.com\/wp-content\/uploads\/2023\/05\/Group-2.png","width":484,"height":86,"caption":"Concilians"},"image":{"@id":"https:\/\/concilians.com\/fr\/#\/schema\/logo\/image\/"}}]}},"_links":{"self":[{"href":"https:\/\/concilians.com\/fr\/wp-json\/wp\/v2\/pages\/1394","targetHints":{"allow":["GET"]}}],"collection":[{"href":"https:\/\/concilians.com\/fr\/wp-json\/wp\/v2\/pages"}],"about":[{"href":"https:\/\/concilians.com\/fr\/wp-json\/wp\/v2\/types\/page"}],"author":[{"embeddable":true,"href":"https:\/\/concilians.com\/fr\/wp-json\/wp\/v2\/users\/1"}],"replies":[{"embeddable":true,"href":"https:\/\/concilians.com\/fr\/wp-json\/wp\/v2\/comments?post=1394"}],"version-history":[{"count":13,"href":"https:\/\/concilians.com\/fr\/wp-json\/wp\/v2\/pages\/1394\/revisions"}],"predecessor-version":[{"id":2006,"href":"https:\/\/concilians.com\/fr\/wp-json\/wp\/v2\/pages\/1394\/revisions\/2006"}],"wp:attachment":[{"href":"https:\/\/concilians.com\/fr\/wp-json\/wp\/v2\/media?parent=1394"}],"curies":[{"name":"wp","href":"https:\/\/api.w.org\/{rel}","templated":true}]}}