{"id":744,"date":"2023-05-25T11:36:34","date_gmt":"2023-05-25T11:36:34","guid":{"rendered":"http:\/\/concilians.com\/contacto\/"},"modified":"2024-10-28T10:45:59","modified_gmt":"2024-10-28T10:45:59","slug":"contacto","status":"publish","type":"page","link":"https:\/\/concilians.com\/es\/contacto\/","title":{"rendered":"Contacto"},"content":{"rendered":"\n<div class=\"wp-block-cover alignfull is-style-default\" style=\"padding-top:120px;padding-bottom:90px;min-height:100vh;aspect-ratio:unset;\"><span aria-hidden=\"true\" class=\"wp-block-cover__background has-background-dim-40 has-background-dim\" style=\"background-color:#1b2219\"><\/span><img loading=\"lazy\" decoding=\"async\" width=\"2200\" height=\"1122\" class=\"wp-block-cover__image-background wp-image-1712\" alt=\"\" src=\"https:\/\/concilians.com\/wp-content\/uploads\/2024\/10\/elefantes-2.jpg\" data-object-fit=\"cover\" srcset=\"https:\/\/concilians.com\/wp-content\/uploads\/2024\/10\/elefantes-2.jpg 2200w, https:\/\/concilians.com\/wp-content\/uploads\/2024\/10\/elefantes-2-300x153.jpg 300w, https:\/\/concilians.com\/wp-content\/uploads\/2024\/10\/elefantes-2-1024x522.jpg 1024w, https:\/\/concilians.com\/wp-content\/uploads\/2024\/10\/elefantes-2-768x392.jpg 768w, https:\/\/concilians.com\/wp-content\/uploads\/2024\/10\/elefantes-2-1536x783.jpg 1536w, https:\/\/concilians.com\/wp-content\/uploads\/2024\/10\/elefantes-2-2048x1044.jpg 2048w\" sizes=\"auto, (max-width: 2200px) 100vw, 2200px\" \/><div class=\"wp-block-cover__inner-container is-layout-flow wp-block-cover-is-layout-flow\"><div class=\"alignwide-wrap\" data-block=\"columns\">\n<div class=\"wp-block-columns alignwide\">\n<div class=\"wp-block-column is-vertically-aligned-center is-style-default\" style=\"padding-top:0;padding-right:0;padding-bottom:0;padding-left:0;flex-basis:100%\">\n<h1 class=\"wp-block-heading max-w-800 init-sentence has-primary-color has-text-color has-heading-2-font-size\" style=\"padding-bottom:var(--wp--preset--spacing--40)\">Confianza<br>Concordia<br>Conjunto<br>Conciliaci\u00f3n<br>Colaboraci\u00f3n<br>Coordinaci\u00f3n<br>Consenso<\/h1>\n\n\n\n<div class=\"wp-block-buttons is-layout-flex wp-block-buttons-is-layout-flex\">\n<div class=\"wp-block-button has-custom-width wp-block-button__width-25 has-custom-font-size is-style-fill\" style=\"font-size:16px\"><a class=\"wp-block-button__link has-tertiary-color has-primary-background-color has-text-color has-background wp-element-button\" href=\"https:\/\/concilians.com\/es\/contacto\/\" style=\"border-radius:500px;padding-top:var(--wp--preset--spacing--40);padding-right:var(--wp--preset--spacing--40);padding-bottom:var(--wp--preset--spacing--40);padding-left:var(--wp--preset--spacing--40)\">\u00bfCooperamos juntos?<\/a><\/div>\n<\/div>\n<\/div>\n<\/div>\n<\/div><\/div><\/div>\n\n\n\n<div class=\"wp-block-group alignfull has-tertiary-color has-gray-100-background-color has-text-color has-background\" id=\"welcome\" style=\"padding-top:120px;padding-bottom:90px\"><div class=\"wp-block-group__inner-container is-layout-constrained wp-block-group-is-layout-constrained\"><div class=\"alignwide-wrap\" data-block=\"columns\">\n<div class=\"wp-block-columns alignwide\">\n<div class=\"wp-block-column\">\n<h2 class=\"wp-block-heading has-heading-3-font-size\">Escuchar,<br>dialogar,<br>empoderar,<br>transformar &amp;<br>crear oportunidades.<\/h2>\n<\/div>\n\n\n\n<div class=\"wp-block-column has_form has-mobile-mt\">\n<div class=\"wpcf7 no-js\" id=\"wpcf7-f756-o1\" lang=\"es-ES\" dir=\"ltr\">\n<div class=\"screen-reader-response\"><p role=\"status\" aria-live=\"polite\" aria-atomic=\"true\"><\/p> <ul><\/ul><\/div>\n<form action=\"\/es\/wp-json\/wp\/v2\/pages\/744#wpcf7-f756-o1\" method=\"post\" class=\"wpcf7-form init\" aria-label=\"Formulario de contacto\" novalidate=\"novalidate\" data-status=\"init\">\n<div style=\"display: none;\">\n<input type=\"hidden\" name=\"_wpcf7\" value=\"756\" \/>\n<input type=\"hidden\" name=\"_wpcf7_version\" value=\"5.8\" \/>\n<input type=\"hidden\" name=\"_wpcf7_locale\" value=\"es_ES\" \/>\n<input type=\"hidden\" name=\"_wpcf7_unit_tag\" value=\"wpcf7-f756-o1\" \/>\n<input type=\"hidden\" name=\"_wpcf7_container_post\" value=\"0\" \/>\n<input type=\"hidden\" name=\"_wpcf7_posted_data_hash\" value=\"\" \/>\n<input type=\"hidden\" name=\"_wpcf7_recaptcha_response\" value=\"\" \/>\n<\/div>\n<p><span class=\"wpcf7-form-control-wrap\" data-name=\"your-name\"><input size=\"40\" class=\"wpcf7-form-control wpcf7-text wpcf7-validates-as-required\" autocomplete=\"name\" aria-required=\"true\" aria-invalid=\"false\" placeholder=\"Nombre\" value=\"\" type=\"text\" name=\"your-name\" \/><\/span><br \/>\n<span class=\"wpcf7-form-control-wrap\" data-name=\"your-surnames\"><input size=\"40\" class=\"wpcf7-form-control wpcf7-text wpcf7-validates-as-required\" aria-required=\"true\" aria-invalid=\"false\" placeholder=\"Apellidos\" value=\"\" type=\"text\" name=\"your-surnames\" \/><\/span><br \/>\n<span class=\"wpcf7-form-control-wrap\" data-name=\"phone\"><input size=\"40\" class=\"wpcf7-form-control wpcf7-tel wpcf7-validates-as-required wpcf7-text wpcf7-validates-as-tel\" aria-required=\"true\" aria-invalid=\"false\" placeholder=\"Tel\u00e9fono\" value=\"\" type=\"tel\" name=\"phone\" \/><\/span><br \/>\n<span class=\"wpcf7-form-control-wrap\" data-name=\"your-email\"><input size=\"40\" class=\"wpcf7-form-control wpcf7-email wpcf7-validates-as-required wpcf7-text wpcf7-validates-as-email\" autocomplete=\"email\" aria-required=\"true\" aria-invalid=\"false\" placeholder=\"Correo electr\u00f3nico\" value=\"\" type=\"email\" name=\"your-email\" \/><\/span><br \/>\n<span class=\"wpcf7-form-control-wrap\" data-name=\"your-message\"><textarea cols=\"40\" rows=\"10\" class=\"wpcf7-form-control wpcf7-textarea\" aria-invalid=\"false\" placeholder=\"Comentarios\" name=\"your-message\"><\/textarea><\/span>\n<\/p>\n<p><span class=\"wpcf7-form-control-wrap\" data-name=\"acceptance\"><span class=\"wpcf7-form-control wpcf7-acceptance\"><span class=\"wpcf7-list-item\"><label><input type=\"checkbox\" name=\"acceptance\" value=\"1\" aria-invalid=\"false\" \/><span class=\"wpcf7-list-item-label\">Acepto la pol\u00edtica de privacidad<\/span><\/label><\/span><\/span><\/span>\n<\/p>\n<p><input class=\"wpcf7-form-control wpcf7-submit has-spinner\" type=\"submit\" value=\"Enviar\" \/>\n<\/p><div class=\"wpcf7-response-output\" aria-hidden=\"true\"><\/div>\n<\/form>\n<\/div>\n\n\n\n\n<div style=\"height:100px\" aria-hidden=\"true\" class=\"wp-block-spacer\"><\/div>\n\n\n\n<figure class=\"wp-block-image size-large\"><img loading=\"lazy\" decoding=\"async\" width=\"1024\" height=\"98\" src=\"https:\/\/concilians.com\/wp-content\/uploads\/2023\/09\/Vector-1024x98.png\" alt=\"\" class=\"wp-image-1521\" srcset=\"https:\/\/concilians.com\/wp-content\/uploads\/2023\/09\/Vector-1024x98.png 1024w, https:\/\/concilians.com\/wp-content\/uploads\/2023\/09\/Vector-300x29.png 300w, https:\/\/concilians.com\/wp-content\/uploads\/2023\/09\/Vector-768x74.png 768w, https:\/\/concilians.com\/wp-content\/uploads\/2023\/09\/Vector.png 1212w\" sizes=\"auto, (max-width: 1024px) 100vw, 1024px\" \/><\/figure>\n<\/div>\n<\/div>\n<\/div><\/div><\/div>\n","protected":false},"excerpt":{"rendered":"<div class=\"entry-summary\">\nEscuchar,dialogar,empoderar,transformar &amp;crear oportunidades.\n<\/div>\n<div class=\"link-more-container\"><a href=\"https:\/\/concilians.com\/es\/contacto\/\" class=\"link-more button\" aria-label=\"Continue reading Contacto\">Continue reading&hellip;<\/a><\/div>\n","protected":false},"author":1,"featured_media":0,"parent":0,"menu_order":29,"comment_status":"closed","ping_status":"closed","template":"","meta":{"footnotes":""},"class_list":["post-744","page","type-page","status-publish","hentry","entry","entry-type-page"],"yoast_head":"<!-- This site is optimized with the Yoast SEO plugin v21.2 - https:\/\/yoast.com\/wordpress\/plugins\/seo\/ -->\n<title>Contacto - Concilians<\/title>\n<meta name=\"robots\" content=\"index, follow, max-snippet:-1, max-image-preview:large, max-video-preview:-1\" \/>\n<link rel=\"canonical\" href=\"https:\/\/concilians.com\/es\/contacto\/\" \/>\n<meta property=\"og:locale\" content=\"es_ES\" \/>\n<meta property=\"og:type\" content=\"article\" \/>\n<meta property=\"og:title\" content=\"Contacto - Concilians\" \/>\n<meta property=\"og:description\" content=\"Escuchar,dialogar,empoderar,transformar &amp;crear oportunidades. Continue reading&hellip;\" \/>\n<meta property=\"og:url\" content=\"https:\/\/concilians.com\/es\/contacto\/\" \/>\n<meta property=\"og:site_name\" content=\"Concilians\" \/>\n<meta property=\"article:modified_time\" content=\"2024-10-28T10:45:59+00:00\" \/>\n<meta property=\"og:image\" content=\"https:\/\/concilians.com\/wp-content\/uploads\/2024\/10\/elefantes-2.jpg\" \/>\n<meta name=\"twitter:card\" content=\"summary_large_image\" \/>\n<meta name=\"twitter:label1\" content=\"Tiempo de lectura\" \/>\n\t<meta name=\"twitter:data1\" content=\"1 minuto\" \/>\n<script type=\"application\/ld+json\" class=\"yoast-schema-graph\">{\"@context\":\"https:\/\/schema.org\",\"@graph\":[{\"@type\":\"WebPage\",\"@id\":\"https:\/\/concilians.com\/es\/contacto\/\",\"url\":\"https:\/\/concilians.com\/es\/contacto\/\",\"name\":\"Contacto - Concilians\",\"isPartOf\":{\"@id\":\"https:\/\/concilians.com\/es\/#website\"},\"datePublished\":\"2023-05-25T11:36:34+00:00\",\"dateModified\":\"2024-10-28T10:45:59+00:00\",\"breadcrumb\":{\"@id\":\"https:\/\/concilians.com\/es\/contacto\/#breadcrumb\"},\"inLanguage\":\"es\",\"potentialAction\":[{\"@type\":\"ReadAction\",\"target\":[\"https:\/\/concilians.com\/es\/contacto\/\"]}]},{\"@type\":\"BreadcrumbList\",\"@id\":\"https:\/\/concilians.com\/es\/contacto\/#breadcrumb\",\"itemListElement\":[{\"@type\":\"ListItem\",\"position\":1,\"name\":\"Inici\",\"item\":\"https:\/\/concilians.com\/es\/\"},{\"@type\":\"ListItem\",\"position\":2,\"name\":\"Contacto\"}]},{\"@type\":\"WebSite\",\"@id\":\"https:\/\/concilians.com\/es\/#website\",\"url\":\"https:\/\/concilians.com\/es\/\",\"name\":\"Concilians\",\"description\":\"\",\"publisher\":{\"@id\":\"https:\/\/concilians.com\/es\/#organization\"},\"potentialAction\":[{\"@type\":\"SearchAction\",\"target\":{\"@type\":\"EntryPoint\",\"urlTemplate\":\"https:\/\/concilians.com\/es\/?s={search_term_string}\"},\"query-input\":\"required name=search_term_string\"}],\"inLanguage\":\"es\"},{\"@type\":\"Organization\",\"@id\":\"https:\/\/concilians.com\/es\/#organization\",\"name\":\"Concilians\",\"url\":\"https:\/\/concilians.com\/es\/\",\"logo\":{\"@type\":\"ImageObject\",\"inLanguage\":\"es\",\"@id\":\"https:\/\/concilians.com\/es\/#\/schema\/logo\/image\/\",\"url\":\"https:\/\/concilians.com\/wp-content\/uploads\/2023\/05\/Group-2.png\",\"contentUrl\":\"https:\/\/concilians.com\/wp-content\/uploads\/2023\/05\/Group-2.png\",\"width\":484,\"height\":86,\"caption\":\"Concilians\"},\"image\":{\"@id\":\"https:\/\/concilians.com\/es\/#\/schema\/logo\/image\/\"}}]}<\/script>\n<!-- \/ Yoast SEO plugin. -->","yoast_head_json":{"title":"Contacto - Concilians","robots":{"index":"index","follow":"follow","max-snippet":"max-snippet:-1","max-image-preview":"max-image-preview:large","max-video-preview":"max-video-preview:-1"},"canonical":"https:\/\/concilians.com\/es\/contacto\/","og_locale":"es_ES","og_type":"article","og_title":"Contacto - Concilians","og_description":"Escuchar,dialogar,empoderar,transformar &amp;crear oportunidades. Continue reading&hellip;","og_url":"https:\/\/concilians.com\/es\/contacto\/","og_site_name":"Concilians","article_modified_time":"2024-10-28T10:45:59+00:00","og_image":[{"url":"https:\/\/concilians.com\/wp-content\/uploads\/2024\/10\/elefantes-2.jpg"}],"twitter_card":"summary_large_image","twitter_misc":{"Tiempo de lectura":"1 minuto"},"schema":{"@context":"https:\/\/schema.org","@graph":[{"@type":"WebPage","@id":"https:\/\/concilians.com\/es\/contacto\/","url":"https:\/\/concilians.com\/es\/contacto\/","name":"Contacto - Concilians","isPartOf":{"@id":"https:\/\/concilians.com\/es\/#website"},"datePublished":"2023-05-25T11:36:34+00:00","dateModified":"2024-10-28T10:45:59+00:00","breadcrumb":{"@id":"https:\/\/concilians.com\/es\/contacto\/#breadcrumb"},"inLanguage":"es","potentialAction":[{"@type":"ReadAction","target":["https:\/\/concilians.com\/es\/contacto\/"]}]},{"@type":"BreadcrumbList","@id":"https:\/\/concilians.com\/es\/contacto\/#breadcrumb","itemListElement":[{"@type":"ListItem","position":1,"name":"Inici","item":"https:\/\/concilians.com\/es\/"},{"@type":"ListItem","position":2,"name":"Contacto"}]},{"@type":"WebSite","@id":"https:\/\/concilians.com\/es\/#website","url":"https:\/\/concilians.com\/es\/","name":"Concilians","description":"","publisher":{"@id":"https:\/\/concilians.com\/es\/#organization"},"potentialAction":[{"@type":"SearchAction","target":{"@type":"EntryPoint","urlTemplate":"https:\/\/concilians.com\/es\/?s={search_term_string}"},"query-input":"required name=search_term_string"}],"inLanguage":"es"},{"@type":"Organization","@id":"https:\/\/concilians.com\/es\/#organization","name":"Concilians","url":"https:\/\/concilians.com\/es\/","logo":{"@type":"ImageObject","inLanguage":"es","@id":"https:\/\/concilians.com\/es\/#\/schema\/logo\/image\/","url":"https:\/\/concilians.com\/wp-content\/uploads\/2023\/05\/Group-2.png","contentUrl":"https:\/\/concilians.com\/wp-content\/uploads\/2023\/05\/Group-2.png","width":484,"height":86,"caption":"Concilians"},"image":{"@id":"https:\/\/concilians.com\/es\/#\/schema\/logo\/image\/"}}]}},"_links":{"self":[{"href":"https:\/\/concilians.com\/es\/wp-json\/wp\/v2\/pages\/744","targetHints":{"allow":["GET"]}}],"collection":[{"href":"https:\/\/concilians.com\/es\/wp-json\/wp\/v2\/pages"}],"about":[{"href":"https:\/\/concilians.com\/es\/wp-json\/wp\/v2\/types\/page"}],"author":[{"embeddable":true,"href":"https:\/\/concilians.com\/es\/wp-json\/wp\/v2\/users\/1"}],"replies":[{"embeddable":true,"href":"https:\/\/concilians.com\/es\/wp-json\/wp\/v2\/comments?post=744"}],"version-history":[{"count":15,"href":"https:\/\/concilians.com\/es\/wp-json\/wp\/v2\/pages\/744\/revisions"}],"predecessor-version":[{"id":2091,"href":"https:\/\/concilians.com\/es\/wp-json\/wp\/v2\/pages\/744\/revisions\/2091"}],"wp:attachment":[{"href":"https:\/\/concilians.com\/es\/wp-json\/wp\/v2\/media?parent=744"}],"curies":[{"name":"wp","href":"https:\/\/api.w.org\/{rel}","templated":true}]}}