{"id":738,"date":"2023-05-25T10:25:41","date_gmt":"2023-05-25T10:25:41","guid":{"rendered":"http:\/\/concilians.com\/filosofia\/"},"modified":"2024-11-07T11:12:48","modified_gmt":"2024-11-07T11:12:48","slug":"filosofia","status":"publish","type":"page","link":"https:\/\/concilians.com\/es\/filosofia\/","title":{"rendered":"Filosof\u00eda"},"content":{"rendered":"\n<div class=\"wp-block-cover alignfull is-style-default\" style=\"padding-top:120px;padding-bottom:90px;min-height:100vh;aspect-ratio:unset;\"><span aria-hidden=\"true\" class=\"wp-block-cover__background has-background-dim-40 has-background-dim\" style=\"background-color:#1b2219\"><\/span><img loading=\"lazy\" decoding=\"async\" width=\"2000\" height=\"1249\" class=\"wp-block-cover__image-background wp-image-609\" alt=\"\" src=\"http:\/\/concilians.com\/wp-content\/uploads\/2023\/06\/IMG_4466-1.jpg\" data-object-fit=\"cover\" srcset=\"https:\/\/concilians.com\/wp-content\/uploads\/2023\/06\/IMG_4466-1.jpg 2000w, https:\/\/concilians.com\/wp-content\/uploads\/2023\/06\/IMG_4466-1-300x187.jpg 300w, https:\/\/concilians.com\/wp-content\/uploads\/2023\/06\/IMG_4466-1-1024x639.jpg 1024w, https:\/\/concilians.com\/wp-content\/uploads\/2023\/06\/IMG_4466-1-768x480.jpg 768w, https:\/\/concilians.com\/wp-content\/uploads\/2023\/06\/IMG_4466-1-1536x959.jpg 1536w\" sizes=\"auto, (max-width: 2000px) 100vw, 2000px\" \/><div class=\"wp-block-cover__inner-container is-layout-flow wp-block-cover-is-layout-flow\"><div class=\"alignwide-wrap\" data-block=\"columns\">\n<div class=\"wp-block-columns alignwide\">\n<div class=\"wp-block-column is-vertically-aligned-center is-style-default\" style=\"padding-top:0;padding-right:0;padding-bottom:0;padding-left:0;flex-basis:100%\">\n<h1 class=\"wp-block-heading max-w-800 init-sentence has-primary-color has-text-color has-heading-2-font-size\" style=\"padding-bottom:var(--wp--preset--spacing--40)\">La filosof\u00eda<br>de Cooperar<br>juntos<\/h1>\n\n\n\n<div class=\"wp-block-buttons is-layout-flex wp-block-buttons-is-layout-flex\">\n<div class=\"wp-block-button has-custom-width wp-block-button__width-25 has-custom-font-size is-style-fill\" style=\"font-size:16px\"><a class=\"wp-block-button__link has-tertiary-color has-primary-background-color has-text-color has-background wp-element-button\" href=\"https:\/\/concilians.com\/es\/contacto\/\" style=\"border-radius:500px;padding-top:var(--wp--preset--spacing--40);padding-right:var(--wp--preset--spacing--40);padding-bottom:var(--wp--preset--spacing--40);padding-left:var(--wp--preset--spacing--40)\">\u00bfCooperamos juntos?<\/a><\/div>\n<\/div>\n<\/div>\n<\/div>\n<\/div><\/div><\/div>\n\n\n\n<div class=\"wp-block-group alignfull has-primary-background-color has-background\" id=\"welcome\" style=\"padding-top:90px;padding-bottom:90px\"><div class=\"wp-block-group__inner-container is-layout-flow wp-block-group-is-layout-flow\">\n<h2 class=\"wp-block-heading has-text-align-center is-style-default has-xxxl-font-size\" style=\"padding-bottom:var(--wp--preset--spacing--30)\">&#8216;Las hormigas:<br>un ejemplo en la naturaleza&#8217;<\/h2>\n\n\n\n<p class=\"has-text-align-center font-weight-300 letter-spacing\">La inteligencia colectiva<br>Trabajo en com\u00fan<br>El orden a partir del caos<br>El buen funcionamiento de grupo<br>La adaptaci\u00f3n a los cambios<br>Vivir en armon\u00eda<\/p>\n<\/div><\/div>\n\n\n\n<div class=\"wp-block-group alignfull is_relative has-tertiary-color has-gray-100-background-color has-text-color has-background\" style=\"padding-top:90px;padding-bottom:90px\"><div class=\"wp-block-group__inner-container is-layout-flow wp-block-group-is-layout-flow\">\n<h2 class=\"wp-block-heading number-ph\">1<\/h2>\n\n\n<div class=\"alignwide-wrap\" data-block=\"separator\">\n<hr class=\"wp-block-separator alignwide has-text-color has-tertiary-color has-alpha-channel-opacity has-tertiary-background-color has-background is-style-wide\"\/>\n<\/div>\n\n<div class=\"alignwide-wrap\" data-block=\"columns\">\n<div class=\"wp-block-columns alignwide are-vertically-aligned-top\" style=\"padding-top:var(--wp--preset--spacing--60);padding-right:var(--wp--preset--spacing--40);padding-bottom:0;padding-left:var(--wp--preset--spacing--40)\">\n<div class=\"wp-block-column is-vertically-aligned-top\">\n<h2 class=\"wp-block-heading has-heading-4-font-size\">La inteligencia<br>colectiva y<br>el trabajo en com\u00fan<\/h2>\n<\/div>\n\n\n\n<div class=\"wp-block-column is-vertically-aligned-top\">\n<p class=\"font-weight-300 letter-spacing\">Sus sistemas organizativos y de gobierno se basan en la inteligencia colectiva. Este tipo de sistema hace que un grupo pueda llegar a aprender, entender, razonar y tomar decisiones de manera diferente que si lo hicieran sus miembros por separado.<br>Este principio es el que debe liderar las organizaciones. \u00abSiempre se genera m\u00e1s valor conectando que sumando las partes.\u00bb<\/p>\n<\/div>\n<\/div>\n<\/div>\n\n\n<h2 class=\"wp-block-heading number-ph\">2<\/h2>\n\n\n<div class=\"alignwide-wrap\" data-block=\"separator\">\n<hr class=\"wp-block-separator alignwide has-text-color has-tertiary-color has-alpha-channel-opacity has-tertiary-background-color has-background is-style-wide\"\/>\n<\/div>\n\n<div class=\"alignwide-wrap\" data-block=\"columns\">\n<div class=\"wp-block-columns alignwide are-vertically-aligned-top\" style=\"padding-top:var(--wp--preset--spacing--60);padding-right:var(--wp--preset--spacing--40);padding-bottom:0;padding-left:var(--wp--preset--spacing--40)\">\n<div class=\"wp-block-column is-vertically-aligned-top\">\n<h2 class=\"wp-block-heading has-heading-4-font-size\">La orden<br>a partir del caos<\/h2>\n<\/div>\n\n\n\n<div class=\"wp-block-column is-vertically-aligned-top\">\n<p class=\"font-weight-300 letter-spacing\">Saber priorizar cu\u00e1les son las acciones vitales y aquellas m\u00e1s secundarias, hace que sean 100% eficientes en su tarea. En Concilians invertimos la energ\u00eda en lo prioritario y establecemos el orden de prioridades para resolver las controversias.<\/p>\n<\/div>\n<\/div>\n<\/div>\n\n\n<h2 class=\"wp-block-heading number-ph\">3<\/h2>\n\n\n<div class=\"alignwide-wrap\" data-block=\"separator\">\n<hr class=\"wp-block-separator alignwide has-text-color has-tertiary-color has-alpha-channel-opacity has-tertiary-background-color has-background is-style-wide\"\/>\n<\/div>\n\n<div class=\"alignwide-wrap\" data-block=\"columns\">\n<div class=\"wp-block-columns alignwide are-vertically-aligned-top\" style=\"padding-top:var(--wp--preset--spacing--60);padding-right:var(--wp--preset--spacing--40);padding-bottom:0;padding-left:var(--wp--preset--spacing--40)\">\n<div class=\"wp-block-column is-vertically-aligned-top\">\n<h2 class=\"wp-block-heading has-heading-4-font-size\">El buen<br>funcionamento<br>del grupo<\/h2>\n<\/div>\n\n\n\n<div class=\"wp-block-column is-vertically-aligned-top\">\n<p class=\"font-weight-300 letter-spacing\">Su objetivo vital es mejorar el funcionamiento del grupo. Son conscientes de que solas son m\u00e1s vulnerables y en grupo m\u00e1s fuertes. Eso hace que NUNCA dejen a nadie atr\u00e1s.<br>En Concilians creemos en el beneficio colectivo y en nuestra tarea trabajamos para que esto se cumpla dentro de las organizaciones.<\/p>\n<\/div>\n<\/div>\n<\/div>\n\n\n<h2 class=\"wp-block-heading number-ph\">4<\/h2>\n\n\n<div class=\"alignwide-wrap\" data-block=\"separator\">\n<hr class=\"wp-block-separator alignwide has-text-color has-tertiary-color has-alpha-channel-opacity has-tertiary-background-color has-background is-style-wide\"\/>\n<\/div>\n\n<div class=\"alignwide-wrap\" data-block=\"columns\">\n<div class=\"wp-block-columns alignwide are-vertically-aligned-top\" style=\"padding-top:var(--wp--preset--spacing--60);padding-right:var(--wp--preset--spacing--40);padding-bottom:0;padding-left:var(--wp--preset--spacing--40)\">\n<div class=\"wp-block-column is-vertically-aligned-top\">\n<h2 class=\"wp-block-heading has-heading-4-font-size\">La adaptaci\u00f3n a los<br>cambios<\/h2>\n<\/div>\n\n\n\n<div class=\"wp-block-column is-vertically-aligned-top\">\n<p class=\"font-weight-300 letter-spacing\">Responden inmediatamente a situaciones nuevas y se adaptan a diferentes niveles de amenaza. Comprenden cada nuevo problema, se adaptan a diferentes retos simult\u00e1neos, saben cu\u00e1nta energ\u00eda usar en cada uno y crean diferentes alternativas y soluciones.<br>Las controversias muchas veces aparecen a ra\u00edz de un cambio, la mediaci\u00f3n implica    ser capaz de transformar esta controversia en una oportunidad para llegar a un acuerdo y mejorar la situaci\u00f3n de ambas partes.<\/p>\n<\/div>\n<\/div>\n<\/div>\n\n\n<h2 class=\"wp-block-heading number-ph\">5<\/h2>\n\n\n<div class=\"alignwide-wrap\" data-block=\"separator\">\n<hr class=\"wp-block-separator alignwide has-text-color has-tertiary-color has-alpha-channel-opacity has-tertiary-background-color has-background is-style-wide\"\/>\n<\/div>\n\n<div class=\"alignwide-wrap\" data-block=\"columns\">\n<div class=\"wp-block-columns alignwide are-vertically-aligned-top\" style=\"padding-top:var(--wp--preset--spacing--60);padding-right:var(--wp--preset--spacing--40);padding-bottom:var(--wp--preset--spacing--30);padding-left:var(--wp--preset--spacing--40)\">\n<div class=\"wp-block-column is-vertically-aligned-top\">\n<h2 class=\"wp-block-heading has-heading-4-font-size\">Vivir<br>en Armon\u00eda<\/h2>\n<\/div>\n\n\n\n<div class=\"wp-block-column is-vertically-aligned-top\">\n<p class=\"font-weight-300 letter-spacing\">Estos valores significan priorizar el bienestar colectivo al bienestar individual. Dejar el ego a un lado y actuar en beneficio de una comunidad.<br>Estos principios abanderan nuestro trabajo. Las organizaciones que funcionan y alcanzan \u00e9xitos son las que se lideran desde la humildad y en beneficio de todas las personas.<\/p>\n<\/div>\n<\/div>\n<\/div>\n\n<div class=\"alignwide-wrap\" data-block=\"separator\">\n<hr class=\"wp-block-separator alignwide has-text-color has-tertiary-color has-alpha-channel-opacity has-tertiary-background-color has-background is-style-wide\"\/>\n<\/div>\n\n\n<p class=\"has-text-align-center font-weight-300 letter-spacing\" style=\"padding-top:var(--wp--preset--spacing--50);padding-bottom:var(--wp--preset--spacing--20)\">Estos cinco puntos son nuestro eje vertebral. Trabajamos por el buen funcionamiento de los grupos de personas, mejoramos las relaciones entre ellas y hacemos frente a las controversias que puedan surgir.<\/p>\n\n\n\n<div class=\"wp-block-buttons is-content-justification-center is-layout-flex wp-container-core-buttons-is-layout-16018d1d wp-block-buttons-is-layout-flex\">\n<div class=\"wp-block-button has-custom-width wp-block-button__width-75 has-custom-font-size is-style-fill\" style=\"font-size:16px\"><a class=\"wp-block-button__link has-gray-100-color has-tertiary-background-color has-text-color has-background wp-element-button\" href=\"https:\/\/concilians.com\/es\/contacto\/\" style=\"border-radius:500px;padding-top:var(--wp--preset--spacing--40);padding-right:var(--wp--preset--spacing--40);padding-bottom:var(--wp--preset--spacing--40);padding-left:var(--wp--preset--spacing--40)\">\u00bfCooperamos juntos?<\/a><\/div>\n<\/div>\n<\/div><\/div>\n\n\n\n<div class=\"wp-block-group alignfull has-secondary-background-color has-background\" style=\"padding-top:90px;padding-bottom:90px\"><div class=\"wp-block-group__inner-container is-layout-constrained wp-block-group-is-layout-constrained\"><div class=\"alignwide-wrap\" data-block=\"columns\">\n<div class=\"wp-block-columns alignwide\">\n<div class=\"wp-block-column\">\n<h2 class=\"wp-block-heading\">\u00bfT\u00fa tambi\u00e9n<br>quieres hacer CO?<br>\u00a1COoperemos juntos!<\/h2>\n<\/div>\n\n\n\n<div class=\"wp-block-column\">\n<p class=\"font-weight-300 letter-spacing max-w-500\">Una propuesta en crecimiento, donde no s\u00f3lo nosotros tenemos cabida.<\/p>\n\n\n\n<p class=\"font-weight-300 letter-spacing max-w-500\"> Apostamos por el talento y por los nuevos agentes mediadores y conciliadores que se puedan SUMAR en cada proyecto.<\/p>\n\n\n\n<div style=\"height:140px\" aria-hidden=\"true\" class=\"wp-block-spacer\"><\/div>\n\n\n\n<div class=\"wp-block-buttons has-custom-font-size has-m-font-size is-horizontal is-content-justification-left is-nowrap is-layout-flex wp-container-core-buttons-is-layout-8e8a235c wp-block-buttons-is-layout-flex\">\n<div class=\"wp-block-button has-custom-width wp-block-button__width-50 has-custom-font-size is-style-fill\" style=\"font-size:16px\"><a class=\"wp-block-button__link has-tertiary-color has-gray-100-background-color has-text-color has-background has-text-align-center wp-element-button\" href=\"https:\/\/concilians.com\/es\/contacto\/\" style=\"border-radius:500px;padding-top:var(--wp--preset--spacing--40);padding-right:var(--wp--preset--spacing--40);padding-bottom:var(--wp--preset--spacing--40);padding-left:var(--wp--preset--spacing--40)\">Contacta con nosotros<\/a><\/div>\n<\/div>\n<\/div>\n<\/div>\n<\/div><\/div><\/div>\n","protected":false},"excerpt":{"rendered":"<div class=\"entry-summary\">\n&#8216;Las hormigas:un ejemplo en la naturaleza&#8217; La inteligencia colectivaTrabajo en com\u00fanEl orden a partir del caosEl buen funcionamiento de grupoLa adaptaci\u00f3n a los cambiosVivir en armon\u00eda 1 La inteligenciacolectiva yel trabajo en&hellip;\n<\/div>\n<div class=\"link-more-container\"><a href=\"https:\/\/concilians.com\/es\/filosofia\/\" class=\"link-more button\" aria-label=\"Continue reading Filosof\u00eda\">Continue reading&hellip;<\/a><\/div>\n","protected":false},"author":1,"featured_media":0,"parent":0,"menu_order":17,"comment_status":"closed","ping_status":"closed","template":"","meta":{"footnotes":""},"class_list":["post-738","page","type-page","status-publish","hentry","entry","entry-type-page"],"yoast_head":"<!-- This site is optimized with the Yoast SEO plugin v21.2 - https:\/\/yoast.com\/wordpress\/plugins\/seo\/ -->\n<title>Filosof\u00eda - Concilians<\/title>\n<meta name=\"robots\" content=\"index, follow, max-snippet:-1, max-image-preview:large, max-video-preview:-1\" \/>\n<link rel=\"canonical\" href=\"https:\/\/concilians.com\/es\/filosofia\/\" \/>\n<meta property=\"og:locale\" content=\"es_ES\" \/>\n<meta property=\"og:type\" content=\"article\" \/>\n<meta property=\"og:title\" content=\"Filosof\u00eda - Concilians\" \/>\n<meta property=\"og:description\" content=\"&#8216;Las hormigas:un ejemplo en la naturaleza&#8217; La inteligencia colectivaTrabajo en com\u00fanEl orden a partir del caosEl buen funcionamiento de grupoLa adaptaci\u00f3n a los cambiosVivir en armon\u00eda 1 La inteligenciacolectiva yel trabajo en&hellip; Continue reading&hellip;\" \/>\n<meta property=\"og:url\" content=\"https:\/\/concilians.com\/es\/filosofia\/\" \/>\n<meta property=\"og:site_name\" content=\"Concilians\" \/>\n<meta property=\"article:modified_time\" content=\"2024-11-07T11:12:48+00:00\" \/>\n<meta property=\"og:image\" content=\"http:\/\/concilians.com\/wp-content\/uploads\/2023\/06\/IMG_4466-1.jpg\" \/>\n<meta name=\"twitter:card\" content=\"summary_large_image\" \/>\n<meta name=\"twitter:label1\" content=\"Tiempo de lectura\" \/>\n\t<meta name=\"twitter:data1\" content=\"3 minutos\" \/>\n<script type=\"application\/ld+json\" class=\"yoast-schema-graph\">{\"@context\":\"https:\/\/schema.org\",\"@graph\":[{\"@type\":\"WebPage\",\"@id\":\"https:\/\/concilians.com\/es\/filosofia\/\",\"url\":\"https:\/\/concilians.com\/es\/filosofia\/\",\"name\":\"Filosof\u00eda - Concilians\",\"isPartOf\":{\"@id\":\"https:\/\/concilians.com\/es\/#website\"},\"datePublished\":\"2023-05-25T10:25:41+00:00\",\"dateModified\":\"2024-11-07T11:12:48+00:00\",\"breadcrumb\":{\"@id\":\"https:\/\/concilians.com\/es\/filosofia\/#breadcrumb\"},\"inLanguage\":\"es\",\"potentialAction\":[{\"@type\":\"ReadAction\",\"target\":[\"https:\/\/concilians.com\/es\/filosofia\/\"]}]},{\"@type\":\"BreadcrumbList\",\"@id\":\"https:\/\/concilians.com\/es\/filosofia\/#breadcrumb\",\"itemListElement\":[{\"@type\":\"ListItem\",\"position\":1,\"name\":\"Inici\",\"item\":\"https:\/\/concilians.com\/es\/\"},{\"@type\":\"ListItem\",\"position\":2,\"name\":\"Filosof\u00eda\"}]},{\"@type\":\"WebSite\",\"@id\":\"https:\/\/concilians.com\/es\/#website\",\"url\":\"https:\/\/concilians.com\/es\/\",\"name\":\"Concilians\",\"description\":\"\",\"publisher\":{\"@id\":\"https:\/\/concilians.com\/es\/#organization\"},\"potentialAction\":[{\"@type\":\"SearchAction\",\"target\":{\"@type\":\"EntryPoint\",\"urlTemplate\":\"https:\/\/concilians.com\/es\/?s={search_term_string}\"},\"query-input\":\"required name=search_term_string\"}],\"inLanguage\":\"es\"},{\"@type\":\"Organization\",\"@id\":\"https:\/\/concilians.com\/es\/#organization\",\"name\":\"Concilians\",\"url\":\"https:\/\/concilians.com\/es\/\",\"logo\":{\"@type\":\"ImageObject\",\"inLanguage\":\"es\",\"@id\":\"https:\/\/concilians.com\/es\/#\/schema\/logo\/image\/\",\"url\":\"https:\/\/concilians.com\/wp-content\/uploads\/2023\/05\/Group-2.png\",\"contentUrl\":\"https:\/\/concilians.com\/wp-content\/uploads\/2023\/05\/Group-2.png\",\"width\":484,\"height\":86,\"caption\":\"Concilians\"},\"image\":{\"@id\":\"https:\/\/concilians.com\/es\/#\/schema\/logo\/image\/\"}}]}<\/script>\n<!-- \/ Yoast SEO plugin. -->","yoast_head_json":{"title":"Filosof\u00eda - Concilians","robots":{"index":"index","follow":"follow","max-snippet":"max-snippet:-1","max-image-preview":"max-image-preview:large","max-video-preview":"max-video-preview:-1"},"canonical":"https:\/\/concilians.com\/es\/filosofia\/","og_locale":"es_ES","og_type":"article","og_title":"Filosof\u00eda - Concilians","og_description":"&#8216;Las hormigas:un ejemplo en la naturaleza&#8217; La inteligencia colectivaTrabajo en com\u00fanEl orden a partir del caosEl buen funcionamiento de grupoLa adaptaci\u00f3n a los cambiosVivir en armon\u00eda 1 La inteligenciacolectiva yel trabajo en&hellip; Continue reading&hellip;","og_url":"https:\/\/concilians.com\/es\/filosofia\/","og_site_name":"Concilians","article_modified_time":"2024-11-07T11:12:48+00:00","og_image":[{"url":"http:\/\/concilians.com\/wp-content\/uploads\/2023\/06\/IMG_4466-1.jpg"}],"twitter_card":"summary_large_image","twitter_misc":{"Tiempo de lectura":"3 minutos"},"schema":{"@context":"https:\/\/schema.org","@graph":[{"@type":"WebPage","@id":"https:\/\/concilians.com\/es\/filosofia\/","url":"https:\/\/concilians.com\/es\/filosofia\/","name":"Filosof\u00eda - Concilians","isPartOf":{"@id":"https:\/\/concilians.com\/es\/#website"},"datePublished":"2023-05-25T10:25:41+00:00","dateModified":"2024-11-07T11:12:48+00:00","breadcrumb":{"@id":"https:\/\/concilians.com\/es\/filosofia\/#breadcrumb"},"inLanguage":"es","potentialAction":[{"@type":"ReadAction","target":["https:\/\/concilians.com\/es\/filosofia\/"]}]},{"@type":"BreadcrumbList","@id":"https:\/\/concilians.com\/es\/filosofia\/#breadcrumb","itemListElement":[{"@type":"ListItem","position":1,"name":"Inici","item":"https:\/\/concilians.com\/es\/"},{"@type":"ListItem","position":2,"name":"Filosof\u00eda"}]},{"@type":"WebSite","@id":"https:\/\/concilians.com\/es\/#website","url":"https:\/\/concilians.com\/es\/","name":"Concilians","description":"","publisher":{"@id":"https:\/\/concilians.com\/es\/#organization"},"potentialAction":[{"@type":"SearchAction","target":{"@type":"EntryPoint","urlTemplate":"https:\/\/concilians.com\/es\/?s={search_term_string}"},"query-input":"required name=search_term_string"}],"inLanguage":"es"},{"@type":"Organization","@id":"https:\/\/concilians.com\/es\/#organization","name":"Concilians","url":"https:\/\/concilians.com\/es\/","logo":{"@type":"ImageObject","inLanguage":"es","@id":"https:\/\/concilians.com\/es\/#\/schema\/logo\/image\/","url":"https:\/\/concilians.com\/wp-content\/uploads\/2023\/05\/Group-2.png","contentUrl":"https:\/\/concilians.com\/wp-content\/uploads\/2023\/05\/Group-2.png","width":484,"height":86,"caption":"Concilians"},"image":{"@id":"https:\/\/concilians.com\/es\/#\/schema\/logo\/image\/"}}]}},"_links":{"self":[{"href":"https:\/\/concilians.com\/es\/wp-json\/wp\/v2\/pages\/738","targetHints":{"allow":["GET"]}}],"collection":[{"href":"https:\/\/concilians.com\/es\/wp-json\/wp\/v2\/pages"}],"about":[{"href":"https:\/\/concilians.com\/es\/wp-json\/wp\/v2\/types\/page"}],"author":[{"embeddable":true,"href":"https:\/\/concilians.com\/es\/wp-json\/wp\/v2\/users\/1"}],"replies":[{"embeddable":true,"href":"https:\/\/concilians.com\/es\/wp-json\/wp\/v2\/comments?post=738"}],"version-history":[{"count":13,"href":"https:\/\/concilians.com\/es\/wp-json\/wp\/v2\/pages\/738\/revisions"}],"predecessor-version":[{"id":1951,"href":"https:\/\/concilians.com\/es\/wp-json\/wp\/v2\/pages\/738\/revisions\/1951"}],"wp:attachment":[{"href":"https:\/\/concilians.com\/es\/wp-json\/wp\/v2\/media?parent=738"}],"curies":[{"name":"wp","href":"https:\/\/api.w.org\/{rel}","templated":true}]}}